{"id":3788,"date":"2023-02-05T16:53:33","date_gmt":"2023-02-05T16:53:33","guid":{"rendered":"https:\/\/istosfilm.com\/?page_id=3788"},"modified":"2025-11-04T17:05:04","modified_gmt":"2025-11-04T17:05:04","slug":"production-services","status":"publish","type":"page","link":"http:\/\/istosfilm.com\/tr\/production-services\/","title":{"rendered":"Prod\u00fcksiyon Hizmetleri"},"content":{"rendered":"<section class=\"wpb-content-wrapper\"><div class=\"vc_row wpb_row vc_row-fluid vc_custom_1679039538673\" ><div class=\"wpb_column vc_column_container vc_col-sm-12\"><div class=\"vc_column-inner\"><div class=\"wpb_wrapper\"><div class=\"edgtf-elements-holder   edgtf-one-column  edgtf-responsive-mode-768\" ><div class=\"edgtf-eh-item    edgtf-fade-in-down\"  data-item-class=\"edgtf-eh-custom-7252\" data-animation=\"edgtf-fade-in-down\" data-1024-1366=\"0px 40px 20px 40px\" data-768-1024=\"0px 40px 20px 40px\" data-680-768=\"0px 40px 20px 40px\" data-680=\"0px 40px 41px 40px\">\n\t<div class=\"edgtf-eh-item-inner\">\n\t\t<div class=\"edgtf-eh-item-content edgtf-eh-custom-7252\" style=\"padding: 0px 0px 0px 0px\">\n\t\t\t<div class=\"edgtf-section-title-holder title-istos edgtf-st-standard edgtf-st-title-left edgtf-st-ratio-1-2 edgtf-st-large-space\" style=\"text-align: center\">\n\t<div class=\"edgtf-st-inner\">\n\t\t\t\t\t<h3 class=\"edgtf-st-title\" >\n\t\t\t\tProd\u00fcksiyon Hizmetleri\t\t\t<\/h3>\n\t\t\t\t\t<\/div>\n<\/div><div class=\"vc_row wpb_row vc_inner vc_row-fluid vc_column-gap-20\" ><div class=\"wpb_column vc_column_container vc_col-sm-6\"><div class=\"vc_column-inner\"><div class=\"wpb_wrapper\">\n\t<div class=\"wpb_text_column wpb_content_element\" >\n\t\t<div class=\"wpb_wrapper\">\n\t\t\t<p class=\"p1\"><i><i><b>istos film<\/b><\/i><\/i>\u00a0yabanc\u0131 film \u015firketlerine prod\u00fcksiyon hizmeti sa\u011flar. Yunan televizyon dizisi <b><i>The Bridge <\/i><\/b>(2022), belgesel <b><i>Rush Hour <\/i><\/b>(2018) ve Orhan Pamuk roman\u0131n\u0131n kurgusal uyarlamas\u0131 <b><i>Hat\u0131ralar\u0131n Masumiyeti <\/i><\/b>(2015) \u015firketin prod\u00fcksiyon hizmeti sundu\u011fu projeler aras\u0131dad\u0131r.<\/p>\n\n\t\t<\/div>\n\t<\/div>\n<\/div><\/div><\/div><div class=\"wpb_column vc_column_container vc_col-sm-6\"><div class=\"vc_column-inner\"><div class=\"wpb_wrapper\">\n\t<div class=\"wpb_text_column wpb_content_element\" >\n\t\t<div class=\"wpb_wrapper\">\n\t\t\t<p class=\"p1\">T\u00fcrkiye'de film yap\u0131m\u0131 konusunda on seneden uzun deneyime sahip bir \u015firket olarak tecr\u00fcbeli, yetenekli ve \u0130ngilizce konu\u015fan ekiplerden olu\u015fan geni\u015f bir a\u011fa eri\u015fimimiz var. Son on y\u0131l\u0131n en ba\u015far\u0131l\u0131 sanat filmlerinden baz\u0131lar\u0131na imza atm\u0131\u015f ve \u00e7e\u015fitli yap\u0131mlarda yabanc\u0131 ekiplerle yo\u011fun bir \u015fekilde \u00e7al\u0131\u015fm\u0131\u015f olman\u0131n getirdi\u011fi tecr\u00fcbe ile de\u011fi\u015fen ihtiya\u00e7lar\u0131 ve talepleri titizlikle de\u011ferlendirebilir ve kar\u015f\u0131layabiliriz. Uluslararas\u0131 ortakl\u0131klar ve i\u015fbirliklerine her zaman a\u00e7\u0131\u011f\u0131z.<\/p>\n\n\t\t<\/div>\n\t<\/div>\n<\/div><\/div><\/div><\/div><div class=\"vc_empty_space\"   style=\"height: 64px\"><span class=\"vc_empty_space_inner\"><\/span><\/div><div class=\"edgtf-portfolio-list-holder edgtf-pl-gallery  edgtf-normal-space edgtf-pl-three-columns edgtf-pl-gallery-text-sliding    edgtf-pl-pag-no-pagination\"  data-type=\"gallery\" data-number-of-columns=\"3\" data-space-between-items=\"normal\" data-number-of-items=\"-1\" data-image-proportions=\"full\" data-enable-fixed-proportions=\"no\" data-enable-image-shadow=\"no\" data-category=\"production-services\" data-orderby=\"date\" data-order=\"DESC\" data-item-style=\"gallery-text-sliding\" data-enable-title=\"yes\" data-title-tag=\"h4\" data-enable-category=\"yes\" data-enable-count-images=\"yes\" data-enable-excerpt=\"yes\" data-excerpt-length=\"140\" data-pagination-type=\"no-pagination\" data-filter=\"no\" data-filter-order-by=\"name\" data-enable-article-animation=\"no\" data-portfolio-slider-on=\"no\" data-enable-loop=\"yes\" data-enable-autoplay=\"yes\" data-slider-speed=\"5000\" data-slider-speed-animation=\"600\" data-enable-navigation=\"yes\" data-enable-pagination=\"yes\" data-max-num-pages=\"0\" data-next-page=\"2\">\n\t\t<div class=\"edgtf-pl-inner edgtf-outer-space  clearfix\">\n\t\t<article class=\"edgtf-pl-item edgtf-item-space  post-4675 portfolio-item type-portfolio-item status-publish has-post-thumbnail hentry portfolio-category-production-services\">\n\t<div class=\"edgtf-pl-item-inner\">\n\t\t<div class=\"edgtf-pli-image\">\n\t<img fetchpriority=\"high\" decoding=\"async\" width=\"1280\" height=\"720\" src=\"https:\/\/istosfilm.com\/wp-content\/uploads\/2024\/02\/202402846_1_RWD_1668-1.jpg\" class=\"attachment-full size-full wp-post-image\" alt=\"\" srcset=\"https:\/\/istosfilm.com\/wp-content\/uploads\/2024\/02\/202402846_1_RWD_1668-1.jpg 1280w, https:\/\/istosfilm.com\/wp-content\/uploads\/2024\/02\/202402846_1_RWD_1668-1-300x169.jpg 300w, https:\/\/istosfilm.com\/wp-content\/uploads\/2024\/02\/202402846_1_RWD_1668-1-1024x576.jpg 1024w, https:\/\/istosfilm.com\/wp-content\/uploads\/2024\/02\/202402846_1_RWD_1668-1-768x432.jpg 768w, https:\/\/istosfilm.com\/wp-content\/uploads\/2024\/02\/202402846_1_RWD_1668-1-18x10.jpg 18w, https:\/\/istosfilm.com\/wp-content\/uploads\/2024\/02\/202402846_1_RWD_1668-1-600x338.jpg 600w\" sizes=\"(max-width: 1280px) 100vw, 1280px\" \/><\/div>\n<div class=\"edgtf-pli-text-holder\">\n\t<div class=\"edgtf-pli-text\">\n\t\t\t<h4 itemprop=\"name\" class=\"edgtf-pli-title entry-title\" >\n\t\tArchitecton\t<\/h4>\n\t\t\t<p itemprop=\"description\" class=\"edgtf-pli-excerpt\">2024<\/p>\n\t<\/div>\n<\/div>\n\t\t<a itemprop=\"url\" class=\"edgtf-pli-link edgtf-block-drag-link\" href=\"http:\/\/istosfilm.com\/tr\/films\/architecton\/\" target=\"_self\"><\/a>\n\t<\/div>\n<\/article><article class=\"edgtf-pl-item edgtf-item-space  post-4667 portfolio-item type-portfolio-item status-publish has-post-thumbnail hentry portfolio-category-completed portfolio-category-films portfolio-category-production-services\">\n\t<div class=\"edgtf-pl-item-inner\">\n\t\t<div class=\"edgtf-pli-image\">\n\t<img decoding=\"async\" width=\"1422\" height=\"800\" data-src=\"https:\/\/istosfilm.com\/wp-content\/uploads\/2024\/01\/ELBG_Berlinale_Key-Still_5MB.jpg\" class=\"attachment-full size-full wp-post-image lazyload\" alt=\"\" data-srcset=\"https:\/\/istosfilm.com\/wp-content\/uploads\/2024\/01\/ELBG_Berlinale_Key-Still_5MB.jpg 1422w, https:\/\/istosfilm.com\/wp-content\/uploads\/2024\/01\/ELBG_Berlinale_Key-Still_5MB-300x169.jpg 300w, https:\/\/istosfilm.com\/wp-content\/uploads\/2024\/01\/ELBG_Berlinale_Key-Still_5MB-1024x576.jpg 1024w, https:\/\/istosfilm.com\/wp-content\/uploads\/2024\/01\/ELBG_Berlinale_Key-Still_5MB-768x432.jpg 768w, https:\/\/istosfilm.com\/wp-content\/uploads\/2024\/01\/ELBG_Berlinale_Key-Still_5MB-18x10.jpg 18w, https:\/\/istosfilm.com\/wp-content\/uploads\/2024\/01\/ELBG_Berlinale_Key-Still_5MB-600x338.jpg 600w\" data-sizes=\"(max-width: 1422px) 100vw, 1422px\" src=\"data:image\/svg+xml;base64,PHN2ZyB3aWR0aD0iMSIgaGVpZ2h0PSIxIiB4bWxucz0iaHR0cDovL3d3dy53My5vcmcvMjAwMC9zdmciPjwvc3ZnPg==\" style=\"--smush-placeholder-width: 1422px; --smush-placeholder-aspect-ratio: 1422\/800;\" \/><\/div>\n<div class=\"edgtf-pli-text-holder\">\n\t<div class=\"edgtf-pli-text\">\n\t\t\t<h4 itemprop=\"name\" class=\"edgtf-pli-title entry-title\" >\n\t\tElbow\t<\/h4>\n\t\t\t<p itemprop=\"description\" class=\"edgtf-pli-excerpt\">2023<\/p>\n\t<\/div>\n<\/div>\n\t\t<a itemprop=\"url\" class=\"edgtf-pli-link edgtf-block-drag-link\" href=\"http:\/\/istosfilm.com\/tr\/films\/elbow\/\" target=\"_self\"><\/a>\n\t<\/div>\n<\/article><article class=\"edgtf-pl-item edgtf-item-space  post-3790 portfolio-item type-portfolio-item status-publish has-post-thumbnail hentry portfolio-category-production-services\">\n\t<div class=\"edgtf-pl-item-inner\">\n\t\t<div class=\"edgtf-pli-image\">\n\t<img decoding=\"async\" width=\"720\" height=\"405\" data-src=\"https:\/\/istosfilm.com\/wp-content\/uploads\/2022\/02\/89759f83-360c-45f1-818f-4120cbbb9277_rw_1920-2.jpg\" class=\"attachment-full size-full wp-post-image lazyload\" alt=\"\" data-srcset=\"https:\/\/istosfilm.com\/wp-content\/uploads\/2022\/02\/89759f83-360c-45f1-818f-4120cbbb9277_rw_1920-2.jpg 720w, https:\/\/istosfilm.com\/wp-content\/uploads\/2022\/02\/89759f83-360c-45f1-818f-4120cbbb9277_rw_1920-2-300x169.jpg 300w, https:\/\/istosfilm.com\/wp-content\/uploads\/2022\/02\/89759f83-360c-45f1-818f-4120cbbb9277_rw_1920-2-18x10.jpg 18w, https:\/\/istosfilm.com\/wp-content\/uploads\/2022\/02\/89759f83-360c-45f1-818f-4120cbbb9277_rw_1920-2-600x338.jpg 600w\" data-sizes=\"(max-width: 720px) 100vw, 720px\" src=\"data:image\/svg+xml;base64,PHN2ZyB3aWR0aD0iMSIgaGVpZ2h0PSIxIiB4bWxucz0iaHR0cDovL3d3dy53My5vcmcvMjAwMC9zdmciPjwvc3ZnPg==\" style=\"--smush-placeholder-width: 720px; --smush-placeholder-aspect-ratio: 720\/405;\" \/><\/div>\n<div class=\"edgtf-pli-text-holder\">\n\t<div class=\"edgtf-pli-text\">\n\t\t\t<h4 itemprop=\"name\" class=\"edgtf-pli-title entry-title\" >\n\t\tI Gefyra\t<\/h4>\n\t\t\t<p itemprop=\"description\" class=\"edgtf-pli-excerpt\">2022<\/p>\n\t<\/div>\n<\/div>\n\t\t<a itemprop=\"url\" class=\"edgtf-pli-link edgtf-block-drag-link\" href=\"http:\/\/istosfilm.com\/tr\/films\/i-gefyra\/\" target=\"_self\"><\/a>\n\t<\/div>\n<\/article><article class=\"edgtf-pl-item edgtf-item-space  edgtf-pl-has-video post-3974 portfolio-item type-portfolio-item status-publish has-post-thumbnail hentry portfolio-category-production-services\">\n\t<div class=\"edgtf-pl-item-inner\">\n\t\t<div class=\"edgtf-pli-image\">\n\t<img decoding=\"async\" width=\"720\" height=\"405\" data-src=\"https:\/\/istosfilm.com\/wp-content\/uploads\/2018\/03\/4fd8ef6b-ca26-4694-91f7-80ca289404d9_rw_192022.jpg\" class=\"attachment-full size-full wp-post-image lazyload\" alt=\"\" data-srcset=\"https:\/\/istosfilm.com\/wp-content\/uploads\/2018\/03\/4fd8ef6b-ca26-4694-91f7-80ca289404d9_rw_192022.jpg 720w, https:\/\/istosfilm.com\/wp-content\/uploads\/2018\/03\/4fd8ef6b-ca26-4694-91f7-80ca289404d9_rw_192022-300x169.jpg 300w, https:\/\/istosfilm.com\/wp-content\/uploads\/2018\/03\/4fd8ef6b-ca26-4694-91f7-80ca289404d9_rw_192022-18x10.jpg 18w, https:\/\/istosfilm.com\/wp-content\/uploads\/2018\/03\/4fd8ef6b-ca26-4694-91f7-80ca289404d9_rw_192022-600x338.jpg 600w\" data-sizes=\"(max-width: 720px) 100vw, 720px\" src=\"data:image\/svg+xml;base64,PHN2ZyB3aWR0aD0iMSIgaGVpZ2h0PSIxIiB4bWxucz0iaHR0cDovL3d3dy53My5vcmcvMjAwMC9zdmciPjwvc3ZnPg==\" style=\"--smush-placeholder-width: 720px; --smush-placeholder-aspect-ratio: 720\/405;\" \/><\/div>\n<div class=\"edgtf-pli-text-holder\">\n\t<div class=\"edgtf-pli-text\">\n\t\t\t<h4 itemprop=\"name\" class=\"edgtf-pli-title entry-title\" >\n\t\tRush Hour\t<\/h4>\n\t\t\t<p itemprop=\"description\" class=\"edgtf-pli-excerpt\">2018<\/p>\n\t<\/div>\n<\/div>\n\t\t<a itemprop=\"url\" class=\"edgtf-pli-link edgtf-block-drag-link\" href=\"http:\/\/istosfilm.com\/tr\/films\/rush-hour\/\" target=\"_self\"><\/a>\n\t<\/div>\n<\/article><article class=\"edgtf-pl-item edgtf-item-space  edgtf-pl-has-video post-3980 portfolio-item type-portfolio-item status-publish has-post-thumbnail hentry portfolio-category-production-services\">\n\t<div class=\"edgtf-pl-item-inner\">\n\t\t<div class=\"edgtf-pli-image\">\n\t<img decoding=\"async\" width=\"720\" height=\"405\" data-src=\"https:\/\/istosfilm.com\/wp-content\/uploads\/2015\/03\/0e96c85a-36f7-4226-8602-fd086e9c9438_rw_120022.jpg\" class=\"attachment-full size-full wp-post-image lazyload\" alt=\"\" data-srcset=\"https:\/\/istosfilm.com\/wp-content\/uploads\/2015\/03\/0e96c85a-36f7-4226-8602-fd086e9c9438_rw_120022.jpg 720w, https:\/\/istosfilm.com\/wp-content\/uploads\/2015\/03\/0e96c85a-36f7-4226-8602-fd086e9c9438_rw_120022-300x169.jpg 300w, https:\/\/istosfilm.com\/wp-content\/uploads\/2015\/03\/0e96c85a-36f7-4226-8602-fd086e9c9438_rw_120022-18x10.jpg 18w, https:\/\/istosfilm.com\/wp-content\/uploads\/2015\/03\/0e96c85a-36f7-4226-8602-fd086e9c9438_rw_120022-600x338.jpg 600w\" data-sizes=\"(max-width: 720px) 100vw, 720px\" src=\"data:image\/svg+xml;base64,PHN2ZyB3aWR0aD0iMSIgaGVpZ2h0PSIxIiB4bWxucz0iaHR0cDovL3d3dy53My5vcmcvMjAwMC9zdmciPjwvc3ZnPg==\" style=\"--smush-placeholder-width: 720px; --smush-placeholder-aspect-ratio: 720\/405;\" \/><\/div>\n<div class=\"edgtf-pli-text-holder\">\n\t<div class=\"edgtf-pli-text\">\n\t\t\t<h4 itemprop=\"name\" class=\"edgtf-pli-title entry-title\" >\n\t\tHat\u0131ralar\u0131n Masumiyeti\t<\/h4>\n\t\t\t<p itemprop=\"description\" class=\"edgtf-pli-excerpt\">2015<\/p>\n\t<\/div>\n<\/div>\n\t\t<a itemprop=\"url\" class=\"edgtf-pli-link edgtf-block-drag-link\" href=\"http:\/\/istosfilm.com\/tr\/films\/innocence-of-memories\/\" target=\"_self\"><\/a>\n\t<\/div>\n<\/article>\t<\/div>\n\t\n\t<\/div>\t\t<\/div>\n\t<\/div>\n<\/div><\/div><\/div><\/div><\/div><\/div>\n<\/section>","protected":false},"excerpt":{"rendered":"2015 Innocence of Memories Base on a novel of the Nobel Prize writer Orhan Pamuk 'The Museum [...]","protected":false},"author":1,"featured_media":0,"parent":0,"menu_order":60,"comment_status":"closed","ping_status":"closed","template":"full-width.php","meta":{"footnotes":""},"class_list":["post-3788","page","type-page","status-publish","hentry"],"_links":{"self":[{"href":"http:\/\/istosfilm.com\/tr\/wp-json\/wp\/v2\/pages\/3788","targetHints":{"allow":["GET"]}}],"collection":[{"href":"http:\/\/istosfilm.com\/tr\/wp-json\/wp\/v2\/pages"}],"about":[{"href":"http:\/\/istosfilm.com\/tr\/wp-json\/wp\/v2\/types\/page"}],"author":[{"embeddable":true,"href":"http:\/\/istosfilm.com\/tr\/wp-json\/wp\/v2\/users\/1"}],"replies":[{"embeddable":true,"href":"http:\/\/istosfilm.com\/tr\/wp-json\/wp\/v2\/comments?post=3788"}],"version-history":[{"count":2,"href":"http:\/\/istosfilm.com\/tr\/wp-json\/wp\/v2\/pages\/3788\/revisions"}],"predecessor-version":[{"id":5033,"href":"http:\/\/istosfilm.com\/tr\/wp-json\/wp\/v2\/pages\/3788\/revisions\/5033"}],"wp:attachment":[{"href":"http:\/\/istosfilm.com\/tr\/wp-json\/wp\/v2\/media?parent=3788"}],"curies":[{"name":"wp","href":"https:\/\/api.w.org\/{rel}","templated":true}]}}