{"id":4233,"date":"2023-03-20T10:43:00","date_gmt":"2023-03-20T10:43:00","guid":{"rendered":"https:\/\/istosfilm.com\/?page_id=4233"},"modified":"2026-02-23T08:57:51","modified_gmt":"2026-02-23T08:57:51","slug":"contact","status":"publish","type":"page","link":"http:\/\/istosfilm.com\/tr\/contact\/","title":{"rendered":"\u0130leti\u015fim"},"content":{"rendered":"<section class=\"wpb-content-wrapper\"><div class=\"vc_row wpb_row vc_row-fluid vc_custom_1679039538673\" ><div class=\"wpb_column vc_column_container vc_col-sm-12\"><div class=\"vc_column-inner\"><div class=\"wpb_wrapper\"><div class=\"edgtf-elements-holder   edgtf-one-column  edgtf-responsive-mode-768\" ><div class=\"edgtf-eh-item    edgtf-fade-in-down\"  data-item-class=\"edgtf-eh-custom-8585\" data-animation=\"edgtf-fade-in-down\" data-1024-1366=\"0px 40px 20px 40px\" data-768-1024=\"0px 40px 20px 40px\" data-680-768=\"0px 40px 20px 40px\" data-680=\"0px 40px 41px 40px\">\n\t<div class=\"edgtf-eh-item-inner\">\n\t\t<div class=\"edgtf-eh-item-content edgtf-eh-custom-8585\" style=\"padding: 0px 0px 0px 0px\">\n\t\t\t<div class=\"vc_empty_space\"   style=\"height: 32px\"><span class=\"vc_empty_space_inner\"><\/span><\/div><div class=\"vc_row wpb_row vc_inner vc_row-fluid vc_column-gap-20\" ><div class=\"wpb_column vc_column_container vc_col-sm-6\"><div class=\"vc_column-inner\"><div class=\"wpb_wrapper\"><div class=\"edgtf-iwt clearfix  edgtf-iwt-icon-left edgtf-iwt-icon-tiny\">\n\t<div class=\"edgtf-iwt-icon\">\n\t\t\t\t\t\t\t\t\t    <span class=\"edgtf-icon-shortcode edgtf-normal   edgtf-icon-tiny\"  data-hover-color=\"#ffffff\" data-color=\"#ffffff\">\n                    <i class=\"edgtf-icon-font-awesome fa fa-map-marker edgtf-icon-element\" style=\"color: #ffffff\" ><\/i>            <\/span>\n\t\t\t\t\t\t<\/div>\n\t<div class=\"edgtf-iwt-content\" >\n\t\t\t\t\t\t\t<p class=\"edgtf-iwt-text\" style=\"color: #ffffff;margin-top: 0px\">Katip Mustafa \u00c7elebi Mah. Hasnun Galip Sok. Pembe \u00c7\u0131kmaz\u0131 No: 4 D: 7 K: 2 34433 Beyo\u011flu Istanbul<\/p>\n\t\t\t<\/div>\n<\/div><div class=\"vc_empty_space\"   style=\"height: 32px\"><span class=\"vc_empty_space_inner\"><\/span><\/div><div class=\"edgtf-iwt clearfix  edgtf-iwt-icon-left edgtf-iwt-icon-tiny\">\n\t<div class=\"edgtf-iwt-icon\">\n\t\t\t\t\t<a itemprop=\"url\" href=\"mailto:info@istosfilm.com\" target=\"_self\">\n\t\t\t\t\t\t\t\t\t    <span class=\"edgtf-icon-shortcode edgtf-normal   edgtf-icon-tiny\"  data-hover-color=\"#dd3333\" data-color=\"#ffffff\">\n                    <i class=\"edgtf-icon-font-awesome fa fa-envelope edgtf-icon-element\" style=\"color: #ffffff\" ><\/i>            <\/span>\n\t\t\t\t\t\t\t\t<\/a>\n\t\t\t<\/div>\n\t<div class=\"edgtf-iwt-content\" >\n\t\t\t\t\t\t\t<p class=\"edgtf-iwt-text\" style=\"color: #ffffff;margin-top: 0px\">info@istosfilm.com<\/p>\n\t\t\t<\/div>\n<\/div><div class=\"vc_empty_space\"   style=\"height: 32px\"><span class=\"vc_empty_space_inner\"><\/span><\/div><div class=\"wpb_gmaps_widget wpb_content_element wpb_animate_when_almost_visible wpb_bounceInDown bounceInDown\"><div class=\"wpb_wrapper\"><div class=\"wpb_map_wraper\"><iframe style=\"-webkit-filter: grayscale(100%);filter: grayscale(100%);\"src=\"https:\/\/www.google.com\/maps\/embed?pb=!1m18!1m12!1m3!1d3009.5569682191913!2d28.979681116244407!3d41.034947625730744!2m3!1f0!2f0!3f0!3m2!1i1024!2i768!4f13.1!3m3!1m2!1s0x14cab76155a3265d%3A0xcc736602f269412a!2zS2F0aXAgTXVzdGFmYSDDh2VsZWJpLCBQZW1iZSDDh2suIE5vOiA0IEQ6NiwgMzQ0MzMgQmV5b8SfbHUvxLBzdGFuYnVs!5e0!3m2!1str!2str!4v1679316191406!5m2!1str!2str\" width=\"600\" height=\"450\" allowfullscreen=\"\" loading=\"lazy\" referrerpolicy=\"no-referrer-when-downgrade\"><\/iframe><\/div><\/div><\/div><div class=\"vc_empty_space\"   style=\"height: 32px\"><span class=\"vc_empty_space_inner\"><\/span><\/div><\/div><\/div><\/div><div class=\"wpb_column vc_column_container vc_col-sm-6\"><div class=\"vc_column-inner\"><div class=\"wpb_wrapper\">\n\t<div class=\"wpb_text_column wpb_content_element\" >\n\t\t<div class=\"wpb_wrapper\">\n\t\t\t<div class=\"forminator-ui forminator-custom-form forminator-custom-form-4685 forminator-design--default  forminator_ajax\" data-forminator-render=\"0\" data-form=\"forminator-module-4685\" data-uid=\"69e75d408a6f5\"><br\/><\/div><form\n\t\t\t\tid=\"forminator-module-4685\"\n\t\t\t\tclass=\"forminator-ui forminator-custom-form forminator-custom-form-4685 forminator-design--default  forminator_ajax\"\n\t\t\t\tmethod=\"post\"\n\t\t\t\tdata-forminator-render=\"0\"\n\t\t\t\tdata-form-id=\"4685\"\n\t\t\t\t data-color-option=\"default\" data-design=\"default\" data-grid=\"open\" style=\"display: none;\"\n\t\t\t\tdata-uid=\"69e75d408a6f5\" action=\"\"\n\t\t\t><div role=\"alert\" aria-live=\"polite\" class=\"forminator-response-message forminator-error\" aria-hidden=\"true\"><\/div><div class=\"forminator-row\"><div id=\"name-1\" class=\"forminator-field-name forminator-col forminator-col-12\"><div class=\"forminator-field\"><label for=\"forminator-field-name-1_69e75d408a6f5\" id=\"forminator-field-name-1_69e75d408a6f5-label\" class=\"forminator-label\">Ad\u0131n\u0131z <span class=\"forminator-required\">*<\/span><\/label><input type=\"text\" name=\"name-1\" value=\"\" placeholder=\"\" id=\"forminator-field-name-1_69e75d408a6f5\" class=\"forminator-input forminator-name--field\" aria-required=\"true\" autocomplete=\"name\" \/><\/div><\/div><\/div><div class=\"forminator-row\"><div id=\"email-1\" class=\"forminator-field-email forminator-col forminator-col-12\"><div class=\"forminator-field\"><label for=\"forminator-field-email-1_69e75d408a6f5\" id=\"forminator-field-email-1_69e75d408a6f5-label\" class=\"forminator-label\">E-posta adresiniz <span class=\"forminator-required\">*<\/span><\/label><input type=\"email\" name=\"email-1\" value=\"\" placeholder=\"\u00f6rn. ahmet@yilmaz.com\" id=\"forminator-field-email-1_69e75d408a6f5\" class=\"forminator-input forminator-email--field\" data-required=\"true\" aria-required=\"true\" autocomplete=\"email\" \/><\/div><\/div><\/div><div class=\"forminator-row\"><div id=\"textarea-1\" class=\"forminator-field-textarea forminator-col forminator-col-12\"><div class=\"forminator-field\"><label for=\"forminator-field-textarea-1_69e75d408a6f5\" id=\"forminator-field-textarea-1_69e75d408a6f5-label\" class=\"forminator-label\">Mesaj <span class=\"forminator-required\">*<\/span><\/label><textarea name=\"textarea-1\" placeholder=\"Mesaj\u0131n\u0131z...\" id=\"forminator-field-textarea-1_69e75d408a6f5\" class=\"forminator-textarea\" rows=\"6\" style=\"min-height:140px;\" maxlength=\"400\" ><\/textarea><span id=\"forminator-field-textarea-1_69e75d408a6f5-description\" class=\"forminator-description\"><span data-limit=\"400\" data-type=\"characters\" data-editor=\"\">0 \/ 400<\/span><\/span><\/div><\/div><\/div><div class=\"forminator-row\"><div id=\"captcha-1\" class=\"forminator-field-captcha forminator-col forminator-col-12\"><div class=\"forminator-captcha-left forminator-g-recaptcha recaptcha-invisible\" data-theme=\"dark\" data-badge=\"inline\" data-sitekey=\"6LdjngQsAAAAAMTKvciNynyCLntAem31QRFdCZLz\" data-size=\"invisible\"><\/div> <\/div><\/div><input type=\"hidden\" name=\"referer_url\" value=\"\" \/><div class=\"forminator-row forminator-row-last\"><div class=\"forminator-col\"><div class=\"forminator-field\"><button class=\"forminator-button forminator-button-submit\">G\u00f6nder<\/button><\/div><\/div><\/div><input type=\"hidden\" id=\"forminator_nonce\" name=\"forminator_nonce\" value=\"5de3e43084\" \/><input type=\"hidden\" name=\"_wp_http_referer\" value=\"\/tr\/wp-json\/wp\/v2\/pages\/4233\" \/><input type=\"hidden\" name=\"form_id\" value=\"4685\"><input type=\"hidden\" name=\"page_id\" value=\"4233\"><input type=\"hidden\" name=\"form_type\" value=\"default\"><input type=\"hidden\" name=\"current_url\" value=\"http:\/\/istosfilm.com\/tr\/contact\/\"><input type=\"hidden\" name=\"render_id\" value=\"0\"><input type=\"hidden\" name=\"action\" value=\"forminator_submit_form_custom-forms\"><input type=\"hidden\" name=\"trp-form-language\" value=\"tr\"\/><\/form>\n\n\t\t<\/div>\n\t<\/div>\n<\/div><\/div><\/div><\/div>\t\t<\/div>\n\t<\/div>\n<\/div><\/div><\/div><\/div><\/div><\/div>\n<\/section>","protected":false},"excerpt":{"rendered":"Katip Mustafa \u00c7elebi Mah. Hasnun Galip Sok. Pembe \u00c7\u0131kmaz\u0131 No: 4 D: 7 K: 2 34433 Beyo\u011flu [...]","protected":false},"author":1,"featured_media":0,"parent":0,"menu_order":18,"comment_status":"closed","ping_status":"closed","template":"full-width.php","meta":{"footnotes":""},"class_list":["post-4233","page","type-page","status-publish","hentry"],"_links":{"self":[{"href":"http:\/\/istosfilm.com\/tr\/wp-json\/wp\/v2\/pages\/4233","targetHints":{"allow":["GET"]}}],"collection":[{"href":"http:\/\/istosfilm.com\/tr\/wp-json\/wp\/v2\/pages"}],"about":[{"href":"http:\/\/istosfilm.com\/tr\/wp-json\/wp\/v2\/types\/page"}],"author":[{"embeddable":true,"href":"http:\/\/istosfilm.com\/tr\/wp-json\/wp\/v2\/users\/1"}],"replies":[{"embeddable":true,"href":"http:\/\/istosfilm.com\/tr\/wp-json\/wp\/v2\/comments?post=4233"}],"version-history":[{"count":1,"href":"http:\/\/istosfilm.com\/tr\/wp-json\/wp\/v2\/pages\/4233\/revisions"}],"predecessor-version":[{"id":5133,"href":"http:\/\/istosfilm.com\/tr\/wp-json\/wp\/v2\/pages\/4233\/revisions\/5133"}],"wp:attachment":[{"href":"http:\/\/istosfilm.com\/tr\/wp-json\/wp\/v2\/media?parent=4233"}],"curies":[{"name":"wp","href":"https:\/\/api.w.org\/{rel}","templated":true}]}}