{"id":4275,"date":"2023-03-27T09:58:03","date_gmt":"2023-03-27T09:58:03","guid":{"rendered":"https:\/\/istosfilm.com\/?page_id=4275"},"modified":"2025-11-04T17:02:20","modified_gmt":"2025-11-04T17:02:20","slug":"completed-films","status":"publish","type":"page","link":"http:\/\/istosfilm.com\/tr\/completed-films\/","title":{"rendered":"Tamamlanm\u0131\u015f Filmler"},"content":{"rendered":"<section class=\"wpb-content-wrapper\"><div class=\"vc_row wpb_row vc_row-fluid vc_custom_1527756710745\" ><div class=\"wpb_column vc_column_container vc_col-sm-12\"><div class=\"vc_column-inner\"><div class=\"wpb_wrapper\"><div class=\"edgtf-elements-holder   edgtf-one-column  edgtf-responsive-mode-768\" ><div class=\"edgtf-eh-item    edgtf-fade-in-down\"  data-item-class=\"edgtf-eh-custom-4528\" data-animation=\"edgtf-fade-in-down\" data-1024-1366=\"0px 40px 20px 40px\" data-768-1024=\"0px 40px 20px 40px\" data-680-768=\"0px 40px 20px 40px\" data-680=\"0px 40px 41px 40px\">\n\t<div class=\"edgtf-eh-item-inner\">\n\t\t<div class=\"edgtf-eh-item-content edgtf-eh-custom-4528\" style=\"padding: 0\">\n\t\t\t<div class=\"edgtf-section-title-holder title-istos edgtf-st-standard edgtf-st-title-left edgtf-st-ratio-1-2 edgtf-st-large-space\" style=\"text-align: center\">\n\t<div class=\"edgtf-st-inner\">\n\t\t\t\t\t<h3 class=\"edgtf-st-title\" >\n\t\t\t\tTamamlanm\u0131\u015f Filmler\t\t\t<\/h3>\n\t\t\t\t\t<\/div>\n<\/div><div class=\"vc_empty_space\"   style=\"height: 32px\"><span class=\"vc_empty_space_inner\"><\/span><\/div><div class=\"edgtf-portfolio-list-holder edgtf-pl-gallery  edgtf-normal-space edgtf-pl-three-columns edgtf-pl-gallery-text-sliding    edgtf-pl-pag-no-pagination  edgtf-pl-has-animation\"  data-type=\"gallery\" data-number-of-columns=\"3\" data-space-between-items=\"normal\" data-number-of-items=\"-1\" data-image-proportions=\"full\" data-enable-fixed-proportions=\"no\" data-enable-image-shadow=\"no\" data-category=\"completed\" data-orderby=\"date\" data-order=\"DESC\" data-item-style=\"gallery-text-sliding\" data-enable-title=\"yes\" data-title-tag=\"h4\" data-enable-category=\"yes\" data-enable-count-images=\"yes\" data-enable-excerpt=\"yes\" data-excerpt-length=\"140\" data-pagination-type=\"no-pagination\" data-filter=\"no\" data-filter-order-by=\"name\" data-enable-article-animation=\"yes\" data-portfolio-slider-on=\"no\" data-enable-loop=\"yes\" data-enable-autoplay=\"yes\" data-slider-speed=\"5000\" data-slider-speed-animation=\"600\" data-enable-navigation=\"yes\" data-enable-pagination=\"yes\" data-max-num-pages=\"0\" data-next-page=\"2\">\n\t\t<div class=\"edgtf-pl-inner edgtf-outer-space  clearfix\">\n\t\t<article class=\"edgtf-pl-item edgtf-item-space  post-5134 portfolio-item type-portfolio-item status-publish has-post-thumbnail hentry portfolio-category-completed portfolio-category-films\">\n\t<div class=\"edgtf-pl-item-inner\">\n\t\t<div class=\"edgtf-pli-image\">\n\t<img fetchpriority=\"high\" decoding=\"async\" width=\"959\" height=\"540\" src=\"https:\/\/istosfilm.com\/wp-content\/uploads\/2026\/02\/kiymik.jpeg\" class=\"attachment-full size-full wp-post-image\" alt=\"\" srcset=\"https:\/\/istosfilm.com\/wp-content\/uploads\/2026\/02\/kiymik.jpeg 959w, https:\/\/istosfilm.com\/wp-content\/uploads\/2026\/02\/kiymik-300x169.jpeg 300w, https:\/\/istosfilm.com\/wp-content\/uploads\/2026\/02\/kiymik-768x432.jpeg 768w, https:\/\/istosfilm.com\/wp-content\/uploads\/2026\/02\/kiymik-18x10.jpeg 18w, https:\/\/istosfilm.com\/wp-content\/uploads\/2026\/02\/kiymik-600x338.jpeg 600w\" sizes=\"(max-width: 959px) 100vw, 959px\" \/><\/div>\n<div class=\"edgtf-pli-text-holder\">\n\t<div class=\"edgtf-pli-text\">\n\t\t\t<h4 itemprop=\"name\" class=\"edgtf-pli-title entry-title\" >\n\t\tK\u0131ym\u0131k\t<\/h4>\n\t\t\t<p itemprop=\"description\" class=\"edgtf-pli-excerpt\">2023<\/p>\n\t<\/div>\n<\/div>\n\t\t<a itemprop=\"url\" class=\"edgtf-pli-link edgtf-block-drag-link\" href=\"http:\/\/istosfilm.com\/tr\/films\/kiymik\/\" target=\"_self\"><\/a>\n\t<\/div>\n<\/article><article class=\"edgtf-pl-item edgtf-item-space  edgtf-pl-has-video post-4678 portfolio-item type-portfolio-item status-publish has-post-thumbnail hentry portfolio-category-completed portfolio-category-films\">\n\t<div class=\"edgtf-pl-item-inner\">\n\t\t<div class=\"edgtf-pli-image\">\n\t<img decoding=\"async\" width=\"1280\" height=\"720\" data-src=\"https:\/\/istosfilm.com\/wp-content\/uploads\/2024\/02\/Bimba-Still1-copy.jpg\" class=\"attachment-full size-full wp-post-image lazyload\" alt=\"\" data-srcset=\"https:\/\/istosfilm.com\/wp-content\/uploads\/2024\/02\/Bimba-Still1-copy.jpg 1280w, https:\/\/istosfilm.com\/wp-content\/uploads\/2024\/02\/Bimba-Still1-copy-300x169.jpg 300w, https:\/\/istosfilm.com\/wp-content\/uploads\/2024\/02\/Bimba-Still1-copy-1024x576.jpg 1024w, https:\/\/istosfilm.com\/wp-content\/uploads\/2024\/02\/Bimba-Still1-copy-768x432.jpg 768w, https:\/\/istosfilm.com\/wp-content\/uploads\/2024\/02\/Bimba-Still1-copy-18x10.jpg 18w, https:\/\/istosfilm.com\/wp-content\/uploads\/2024\/02\/Bimba-Still1-copy-600x338.jpg 600w\" data-sizes=\"(max-width: 1280px) 100vw, 1280px\" src=\"data:image\/svg+xml;base64,PHN2ZyB3aWR0aD0iMSIgaGVpZ2h0PSIxIiB4bWxucz0iaHR0cDovL3d3dy53My5vcmcvMjAwMC9zdmciPjwvc3ZnPg==\" style=\"--smush-placeholder-width: 1280px; --smush-placeholder-aspect-ratio: 1280\/720;\" \/><\/div>\n<div class=\"edgtf-pli-text-holder\">\n\t<div class=\"edgtf-pli-text\">\n\t\t\t<h4 itemprop=\"name\" class=\"edgtf-pli-title entry-title\" >\n\t\tBimba\t<\/h4>\n\t\t\t<p itemprop=\"description\" class=\"edgtf-pli-excerpt\">2025<\/p>\n\t<\/div>\n<\/div>\n\t\t<a itemprop=\"url\" class=\"edgtf-pli-link edgtf-block-drag-link\" href=\"http:\/\/istosfilm.com\/tr\/films\/bimba\/\" target=\"_self\"><\/a>\n\t<\/div>\n<\/article><article class=\"edgtf-pl-item edgtf-item-space  post-4667 portfolio-item type-portfolio-item status-publish has-post-thumbnail hentry portfolio-category-completed portfolio-category-films portfolio-category-production-services\">\n\t<div class=\"edgtf-pl-item-inner\">\n\t\t<div class=\"edgtf-pli-image\">\n\t<img decoding=\"async\" width=\"1422\" height=\"800\" data-src=\"https:\/\/istosfilm.com\/wp-content\/uploads\/2024\/01\/ELBG_Berlinale_Key-Still_5MB.jpg\" class=\"attachment-full size-full wp-post-image lazyload\" alt=\"\" data-srcset=\"https:\/\/istosfilm.com\/wp-content\/uploads\/2024\/01\/ELBG_Berlinale_Key-Still_5MB.jpg 1422w, https:\/\/istosfilm.com\/wp-content\/uploads\/2024\/01\/ELBG_Berlinale_Key-Still_5MB-300x169.jpg 300w, https:\/\/istosfilm.com\/wp-content\/uploads\/2024\/01\/ELBG_Berlinale_Key-Still_5MB-1024x576.jpg 1024w, https:\/\/istosfilm.com\/wp-content\/uploads\/2024\/01\/ELBG_Berlinale_Key-Still_5MB-768x432.jpg 768w, https:\/\/istosfilm.com\/wp-content\/uploads\/2024\/01\/ELBG_Berlinale_Key-Still_5MB-18x10.jpg 18w, https:\/\/istosfilm.com\/wp-content\/uploads\/2024\/01\/ELBG_Berlinale_Key-Still_5MB-600x338.jpg 600w\" data-sizes=\"(max-width: 1422px) 100vw, 1422px\" src=\"data:image\/svg+xml;base64,PHN2ZyB3aWR0aD0iMSIgaGVpZ2h0PSIxIiB4bWxucz0iaHR0cDovL3d3dy53My5vcmcvMjAwMC9zdmciPjwvc3ZnPg==\" style=\"--smush-placeholder-width: 1422px; --smush-placeholder-aspect-ratio: 1422\/800;\" \/><\/div>\n<div class=\"edgtf-pli-text-holder\">\n\t<div class=\"edgtf-pli-text\">\n\t\t\t<h4 itemprop=\"name\" class=\"edgtf-pli-title entry-title\" >\n\t\tElbow\t<\/h4>\n\t\t\t<p itemprop=\"description\" class=\"edgtf-pli-excerpt\">2023<\/p>\n\t<\/div>\n<\/div>\n\t\t<a itemprop=\"url\" class=\"edgtf-pli-link edgtf-block-drag-link\" href=\"http:\/\/istosfilm.com\/tr\/films\/elbow\/\" target=\"_self\"><\/a>\n\t<\/div>\n<\/article><article class=\"edgtf-pl-item edgtf-item-space  edgtf-pl-has-video post-4665 portfolio-item type-portfolio-item status-publish has-post-thumbnail hentry portfolio-category-completed portfolio-category-films\">\n\t<div class=\"edgtf-pl-item-inner\">\n\t\t<div class=\"edgtf-pli-image\">\n\t<img decoding=\"async\" width=\"1280\" height=\"720\" data-src=\"https:\/\/istosfilm.com\/wp-content\/uploads\/2024\/01\/DAY-1-ALL.03_01_04_05.Still002.jpg\" class=\"attachment-full size-full wp-post-image lazyload\" alt=\"\" data-srcset=\"https:\/\/istosfilm.com\/wp-content\/uploads\/2024\/01\/DAY-1-ALL.03_01_04_05.Still002.jpg 1280w, https:\/\/istosfilm.com\/wp-content\/uploads\/2024\/01\/DAY-1-ALL.03_01_04_05.Still002-300x169.jpg 300w, https:\/\/istosfilm.com\/wp-content\/uploads\/2024\/01\/DAY-1-ALL.03_01_04_05.Still002-1024x576.jpg 1024w, https:\/\/istosfilm.com\/wp-content\/uploads\/2024\/01\/DAY-1-ALL.03_01_04_05.Still002-768x432.jpg 768w, https:\/\/istosfilm.com\/wp-content\/uploads\/2024\/01\/DAY-1-ALL.03_01_04_05.Still002-18x10.jpg 18w, https:\/\/istosfilm.com\/wp-content\/uploads\/2024\/01\/DAY-1-ALL.03_01_04_05.Still002-600x338.jpg 600w\" data-sizes=\"(max-width: 1280px) 100vw, 1280px\" src=\"data:image\/svg+xml;base64,PHN2ZyB3aWR0aD0iMSIgaGVpZ2h0PSIxIiB4bWxucz0iaHR0cDovL3d3dy53My5vcmcvMjAwMC9zdmciPjwvc3ZnPg==\" style=\"--smush-placeholder-width: 1280px; --smush-placeholder-aspect-ratio: 1280\/720;\" \/><\/div>\n<div class=\"edgtf-pli-text-holder\">\n\t<div class=\"edgtf-pli-text\">\n\t\t\t<h4 itemprop=\"name\" class=\"edgtf-pli-title entry-title\" >\n\t\tBazen Hep Birlikte\t<\/h4>\n\t\t\t<p itemprop=\"description\" class=\"edgtf-pli-excerpt\">2024<\/p>\n\t<\/div>\n<\/div>\n\t\t<a itemprop=\"url\" class=\"edgtf-pli-link edgtf-block-drag-link\" href=\"http:\/\/istosfilm.com\/tr\/films\/otherwise-in-istanbul\/\" target=\"_self\"><\/a>\n\t<\/div>\n<\/article><article class=\"edgtf-pl-item edgtf-item-space  edgtf-pl-has-video post-3784 portfolio-item type-portfolio-item status-publish has-post-thumbnail hentry portfolio-category-completed portfolio-category-films\">\n\t<div class=\"edgtf-pl-item-inner\">\n\t\t<div class=\"edgtf-pli-image\">\n\t<img decoding=\"async\" width=\"920\" height=\"518\" data-src=\"https:\/\/istosfilm.com\/wp-content\/uploads\/2023\/02\/38003ASF03_1.jpg\" class=\"attachment-full size-full wp-post-image lazyload\" alt=\"\" data-srcset=\"https:\/\/istosfilm.com\/wp-content\/uploads\/2023\/02\/38003ASF03_1.jpg 920w, https:\/\/istosfilm.com\/wp-content\/uploads\/2023\/02\/38003ASF03_1-300x169.jpg 300w, https:\/\/istosfilm.com\/wp-content\/uploads\/2023\/02\/38003ASF03_1-768x432.jpg 768w, https:\/\/istosfilm.com\/wp-content\/uploads\/2023\/02\/38003ASF03_1-18x10.jpg 18w, https:\/\/istosfilm.com\/wp-content\/uploads\/2023\/02\/38003ASF03_1-600x338.jpg 600w\" data-sizes=\"(max-width: 920px) 100vw, 920px\" src=\"data:image\/svg+xml;base64,PHN2ZyB3aWR0aD0iMSIgaGVpZ2h0PSIxIiB4bWxucz0iaHR0cDovL3d3dy53My5vcmcvMjAwMC9zdmciPjwvc3ZnPg==\" style=\"--smush-placeholder-width: 920px; --smush-placeholder-aspect-ratio: 920\/518;\" \/><\/div>\n<div class=\"edgtf-pli-text-holder\">\n\t<div class=\"edgtf-pli-text\">\n\t\t\t<h4 itemprop=\"name\" class=\"edgtf-pli-title entry-title\" >\n\t\tEn G\u00fczel Cenaze \u015eark\u0131lar\u0131\t<\/h4>\n\t\t\t<p itemprop=\"description\" class=\"edgtf-pli-excerpt\">2025<\/p>\n\t<\/div>\n<\/div>\n\t\t<a itemprop=\"url\" class=\"edgtf-pli-link edgtf-block-drag-link\" href=\"http:\/\/istosfilm.com\/tr\/films\/the-greatest-funeral-hits\/\" target=\"_self\"><\/a>\n\t<\/div>\n<\/article><article class=\"edgtf-pl-item edgtf-item-space  edgtf-pl-has-video post-120 portfolio-item type-portfolio-item status-publish has-post-thumbnail hentry portfolio-category-completed portfolio-category-films\">\n\t<div class=\"edgtf-pl-item-inner\">\n\t\t<div class=\"edgtf-pli-image\">\n\t<img decoding=\"async\" width=\"720\" height=\"405\" data-src=\"https:\/\/istosfilm.com\/wp-content\/uploads\/2018\/04\/eda01.jpg\" class=\"attachment-full size-full wp-post-image lazyload\" alt=\"\" data-srcset=\"https:\/\/istosfilm.com\/wp-content\/uploads\/2018\/04\/eda01.jpg 720w, https:\/\/istosfilm.com\/wp-content\/uploads\/2018\/04\/eda01-300x169.jpg 300w, https:\/\/istosfilm.com\/wp-content\/uploads\/2018\/04\/eda01-18x10.jpg 18w, https:\/\/istosfilm.com\/wp-content\/uploads\/2018\/04\/eda01-600x338.jpg 600w\" data-sizes=\"(max-width: 720px) 100vw, 720px\" src=\"data:image\/svg+xml;base64,PHN2ZyB3aWR0aD0iMSIgaGVpZ2h0PSIxIiB4bWxucz0iaHR0cDovL3d3dy53My5vcmcvMjAwMC9zdmciPjwvc3ZnPg==\" style=\"--smush-placeholder-width: 720px; --smush-placeholder-aspect-ratio: 720\/405;\" \/><\/div>\n<div class=\"edgtf-pli-text-holder\">\n\t<div class=\"edgtf-pli-text\">\n\t\t\t<h4 itemprop=\"name\" class=\"edgtf-pli-title entry-title\" >\n\t\tEla ile Hilmi ve Ali\t<\/h4>\n\t\t\t<p itemprop=\"description\" class=\"edgtf-pli-excerpt\">2022<\/p>\n\t<\/div>\n<\/div>\n\t\t<a itemprop=\"url\" class=\"edgtf-pli-link edgtf-block-drag-link\" href=\"http:\/\/istosfilm.com\/tr\/films\/ela-and-hilmi-ali\/\" target=\"_self\"><\/a>\n\t<\/div>\n<\/article><article class=\"edgtf-pl-item edgtf-item-space  edgtf-pl-has-video post-3755 portfolio-item type-portfolio-item status-publish has-post-thumbnail hentry portfolio-category-completed portfolio-category-films\">\n\t<div class=\"edgtf-pl-item-inner\">\n\t\t<div class=\"edgtf-pli-image\">\n\t<img decoding=\"async\" width=\"720\" height=\"405\" data-src=\"https:\/\/istosfilm.com\/wp-content\/uploads\/2023\/02\/zuhal.jpg\" class=\"attachment-full size-full wp-post-image lazyload\" alt=\"\" data-srcset=\"https:\/\/istosfilm.com\/wp-content\/uploads\/2023\/02\/zuhal.jpg 720w, https:\/\/istosfilm.com\/wp-content\/uploads\/2023\/02\/zuhal-300x169.jpg 300w, https:\/\/istosfilm.com\/wp-content\/uploads\/2023\/02\/zuhal-18x10.jpg 18w, https:\/\/istosfilm.com\/wp-content\/uploads\/2023\/02\/zuhal-600x338.jpg 600w\" data-sizes=\"(max-width: 720px) 100vw, 720px\" src=\"data:image\/svg+xml;base64,PHN2ZyB3aWR0aD0iMSIgaGVpZ2h0PSIxIiB4bWxucz0iaHR0cDovL3d3dy53My5vcmcvMjAwMC9zdmciPjwvc3ZnPg==\" style=\"--smush-placeholder-width: 720px; --smush-placeholder-aspect-ratio: 720\/405;\" \/><\/div>\n<div class=\"edgtf-pli-text-holder\">\n\t<div class=\"edgtf-pli-text\">\n\t\t\t<h4 itemprop=\"name\" class=\"edgtf-pli-title entry-title\" >\n\t\tZuhal\t<\/h4>\n\t\t\t<p itemprop=\"description\" class=\"edgtf-pli-excerpt\">2021<\/p>\n\t<\/div>\n<\/div>\n\t\t<a itemprop=\"url\" class=\"edgtf-pli-link edgtf-block-drag-link\" href=\"http:\/\/istosfilm.com\/tr\/films\/zuhal\/\" target=\"_self\"><\/a>\n\t<\/div>\n<\/article><article class=\"edgtf-pl-item edgtf-item-space  edgtf-pl-has-video post-3766 portfolio-item type-portfolio-item status-publish has-post-thumbnail hentry portfolio-category-completed portfolio-category-films\">\n\t<div class=\"edgtf-pl-item-inner\">\n\t\t<div class=\"edgtf-pli-image\">\n\t<img decoding=\"async\" width=\"720\" height=\"405\" data-src=\"https:\/\/istosfilm.com\/wp-content\/uploads\/2023\/02\/maddenin-halleri.jpg\" class=\"attachment-full size-full wp-post-image lazyload\" alt=\"\" data-srcset=\"https:\/\/istosfilm.com\/wp-content\/uploads\/2023\/02\/maddenin-halleri.jpg 720w, https:\/\/istosfilm.com\/wp-content\/uploads\/2023\/02\/maddenin-halleri-300x169.jpg 300w, https:\/\/istosfilm.com\/wp-content\/uploads\/2023\/02\/maddenin-halleri-18x10.jpg 18w, https:\/\/istosfilm.com\/wp-content\/uploads\/2023\/02\/maddenin-halleri-600x338.jpg 600w\" data-sizes=\"(max-width: 720px) 100vw, 720px\" src=\"data:image\/svg+xml;base64,PHN2ZyB3aWR0aD0iMSIgaGVpZ2h0PSIxIiB4bWxucz0iaHR0cDovL3d3dy53My5vcmcvMjAwMC9zdmciPjwvc3ZnPg==\" style=\"--smush-placeholder-width: 720px; --smush-placeholder-aspect-ratio: 720\/405;\" \/><\/div>\n<div class=\"edgtf-pli-text-holder\">\n\t<div class=\"edgtf-pli-text\">\n\t\t\t<h4 itemprop=\"name\" class=\"edgtf-pli-title entry-title\" >\n\t\tMaddenin Halleri\t<\/h4>\n\t\t\t<p itemprop=\"description\" class=\"edgtf-pli-excerpt\">2020<\/p>\n\t<\/div>\n<\/div>\n\t\t<a itemprop=\"url\" class=\"edgtf-pli-link edgtf-block-drag-link\" href=\"http:\/\/istosfilm.com\/tr\/films\/phases-of-matter\/\" target=\"_self\"><\/a>\n\t<\/div>\n<\/article><article class=\"edgtf-pl-item edgtf-item-space  edgtf-pl-has-video post-3769 portfolio-item type-portfolio-item status-publish has-post-thumbnail hentry portfolio-category-completed portfolio-category-films\">\n\t<div class=\"edgtf-pl-item-inner\">\n\t\t<div class=\"edgtf-pli-image\">\n\t<img decoding=\"async\" width=\"720\" height=\"405\" data-src=\"https:\/\/istosfilm.com\/wp-content\/uploads\/2023\/02\/Floodplain.jpg\" class=\"attachment-full size-full wp-post-image lazyload\" alt=\"\" data-srcset=\"https:\/\/istosfilm.com\/wp-content\/uploads\/2023\/02\/Floodplain.jpg 720w, https:\/\/istosfilm.com\/wp-content\/uploads\/2023\/02\/Floodplain-300x169.jpg 300w, https:\/\/istosfilm.com\/wp-content\/uploads\/2023\/02\/Floodplain-18x10.jpg 18w, https:\/\/istosfilm.com\/wp-content\/uploads\/2023\/02\/Floodplain-600x338.jpg 600w\" data-sizes=\"(max-width: 720px) 100vw, 720px\" src=\"data:image\/svg+xml;base64,PHN2ZyB3aWR0aD0iMSIgaGVpZ2h0PSIxIiB4bWxucz0iaHR0cDovL3d3dy53My5vcmcvMjAwMC9zdmciPjwvc3ZnPg==\" style=\"--smush-placeholder-width: 720px; --smush-placeholder-aspect-ratio: 720\/405;\" \/><\/div>\n<div class=\"edgtf-pli-text-holder\">\n\t<div class=\"edgtf-pli-text\">\n\t\t\t<h4 itemprop=\"name\" class=\"edgtf-pli-title entry-title\" >\n\t\tSelyata\u011f\u0131\t<\/h4>\n\t\t\t<p itemprop=\"description\" class=\"edgtf-pli-excerpt\">2018<\/p>\n\t<\/div>\n<\/div>\n\t\t<a itemprop=\"url\" class=\"edgtf-pli-link edgtf-block-drag-link\" href=\"http:\/\/istosfilm.com\/tr\/films\/floodplain\/\" target=\"_self\"><\/a>\n\t<\/div>\n<\/article><article class=\"edgtf-pl-item edgtf-item-space  edgtf-pl-has-video post-3775 portfolio-item type-portfolio-item status-publish has-post-thumbnail hentry portfolio-category-completed portfolio-category-films\">\n\t<div class=\"edgtf-pl-item-inner\">\n\t\t<div class=\"edgtf-pli-image\">\n\t<img decoding=\"async\" width=\"720\" height=\"405\" data-src=\"https:\/\/istosfilm.com\/wp-content\/uploads\/2023\/02\/yuva.jpg\" class=\"attachment-full size-full wp-post-image lazyload\" alt=\"\" data-srcset=\"https:\/\/istosfilm.com\/wp-content\/uploads\/2023\/02\/yuva.jpg 720w, https:\/\/istosfilm.com\/wp-content\/uploads\/2023\/02\/yuva-300x169.jpg 300w, https:\/\/istosfilm.com\/wp-content\/uploads\/2023\/02\/yuva-18x10.jpg 18w, https:\/\/istosfilm.com\/wp-content\/uploads\/2023\/02\/yuva-600x338.jpg 600w\" data-sizes=\"(max-width: 720px) 100vw, 720px\" src=\"data:image\/svg+xml;base64,PHN2ZyB3aWR0aD0iMSIgaGVpZ2h0PSIxIiB4bWxucz0iaHR0cDovL3d3dy53My5vcmcvMjAwMC9zdmciPjwvc3ZnPg==\" style=\"--smush-placeholder-width: 720px; --smush-placeholder-aspect-ratio: 720\/405;\" \/><\/div>\n<div class=\"edgtf-pli-text-holder\">\n\t<div class=\"edgtf-pli-text\">\n\t\t\t<h4 itemprop=\"name\" class=\"edgtf-pli-title entry-title\" >\n\t\tYuva\t<\/h4>\n\t\t\t<p itemprop=\"description\" class=\"edgtf-pli-excerpt\">2018<\/p>\n\t<\/div>\n<\/div>\n\t\t<a itemprop=\"url\" class=\"edgtf-pli-link edgtf-block-drag-link\" href=\"http:\/\/istosfilm.com\/tr\/films\/yuva\/\" target=\"_self\"><\/a>\n\t<\/div>\n<\/article><article class=\"edgtf-pl-item edgtf-item-space  edgtf-pl-has-video post-3777 portfolio-item type-portfolio-item status-publish has-post-thumbnail hentry portfolio-category-completed portfolio-category-films\">\n\t<div class=\"edgtf-pl-item-inner\">\n\t\t<div class=\"edgtf-pli-image\">\n\t<img decoding=\"async\" width=\"720\" height=\"405\" data-src=\"https:\/\/istosfilm.com\/wp-content\/uploads\/2023\/02\/korfez.jpg\" class=\"attachment-full size-full wp-post-image lazyload\" alt=\"\" data-srcset=\"https:\/\/istosfilm.com\/wp-content\/uploads\/2023\/02\/korfez.jpg 720w, https:\/\/istosfilm.com\/wp-content\/uploads\/2023\/02\/korfez-300x169.jpg 300w, https:\/\/istosfilm.com\/wp-content\/uploads\/2023\/02\/korfez-18x10.jpg 18w, https:\/\/istosfilm.com\/wp-content\/uploads\/2023\/02\/korfez-600x338.jpg 600w\" data-sizes=\"(max-width: 720px) 100vw, 720px\" src=\"data:image\/svg+xml;base64,PHN2ZyB3aWR0aD0iMSIgaGVpZ2h0PSIxIiB4bWxucz0iaHR0cDovL3d3dy53My5vcmcvMjAwMC9zdmciPjwvc3ZnPg==\" style=\"--smush-placeholder-width: 720px; --smush-placeholder-aspect-ratio: 720\/405;\" \/><\/div>\n<div class=\"edgtf-pli-text-holder\">\n\t<div class=\"edgtf-pli-text\">\n\t\t\t<h4 itemprop=\"name\" class=\"edgtf-pli-title entry-title\" >\n\t\tK\u00f6rfez\t<\/h4>\n\t\t\t<p itemprop=\"description\" class=\"edgtf-pli-excerpt\">2017<\/p>\n\t<\/div>\n<\/div>\n\t\t<a itemprop=\"url\" class=\"edgtf-pli-link edgtf-block-drag-link\" href=\"http:\/\/istosfilm.com\/tr\/films\/the-gulf\/\" target=\"_self\"><\/a>\n\t<\/div>\n<\/article><article class=\"edgtf-pl-item edgtf-item-space  edgtf-pl-has-video post-3779 portfolio-item type-portfolio-item status-publish has-post-thumbnail hentry portfolio-category-completed portfolio-category-films\">\n\t<div class=\"edgtf-pl-item-inner\">\n\t\t<div class=\"edgtf-pli-image\">\n\t<img decoding=\"async\" width=\"720\" height=\"405\" data-src=\"https:\/\/istosfilm.com\/wp-content\/uploads\/2015\/02\/sali.jpg\" class=\"attachment-full size-full wp-post-image lazyload\" alt=\"\" data-srcset=\"https:\/\/istosfilm.com\/wp-content\/uploads\/2015\/02\/sali.jpg 720w, https:\/\/istosfilm.com\/wp-content\/uploads\/2015\/02\/sali-300x169.jpg 300w, https:\/\/istosfilm.com\/wp-content\/uploads\/2015\/02\/sali-18x10.jpg 18w, https:\/\/istosfilm.com\/wp-content\/uploads\/2015\/02\/sali-600x338.jpg 600w\" data-sizes=\"(max-width: 720px) 100vw, 720px\" src=\"data:image\/svg+xml;base64,PHN2ZyB3aWR0aD0iMSIgaGVpZ2h0PSIxIiB4bWxucz0iaHR0cDovL3d3dy53My5vcmcvMjAwMC9zdmciPjwvc3ZnPg==\" style=\"--smush-placeholder-width: 720px; --smush-placeholder-aspect-ratio: 720\/405;\" \/><\/div>\n<div class=\"edgtf-pli-text-holder\">\n\t<div class=\"edgtf-pli-text\">\n\t\t\t<h4 itemprop=\"name\" class=\"edgtf-pli-title entry-title\" >\n\t\tSal\u0131\t<\/h4>\n\t\t\t<p itemprop=\"description\" class=\"edgtf-pli-excerpt\">2015<\/p>\n\t<\/div>\n<\/div>\n\t\t<a itemprop=\"url\" class=\"edgtf-pli-link edgtf-block-drag-link\" href=\"http:\/\/istosfilm.com\/tr\/films\/tuesday\/\" target=\"_self\"><\/a>\n\t<\/div>\n<\/article>\t<\/div>\n\t\n\t<\/div>\t\t<\/div>\n\t<\/div>\n<\/div><\/div><\/div><\/div><\/div><\/div>\n<\/section>","protected":false},"excerpt":{"rendered":"2015 Tuesday An ordinary school day for a teenage girl in Istanbul and her encounters with three [...]","protected":false},"author":1,"featured_media":0,"parent":0,"menu_order":16,"comment_status":"closed","ping_status":"closed","template":"full-width.php","meta":{"footnotes":""},"class_list":["post-4275","page","type-page","status-publish","hentry"],"_links":{"self":[{"href":"http:\/\/istosfilm.com\/tr\/wp-json\/wp\/v2\/pages\/4275","targetHints":{"allow":["GET"]}}],"collection":[{"href":"http:\/\/istosfilm.com\/tr\/wp-json\/wp\/v2\/pages"}],"about":[{"href":"http:\/\/istosfilm.com\/tr\/wp-json\/wp\/v2\/types\/page"}],"author":[{"embeddable":true,"href":"http:\/\/istosfilm.com\/tr\/wp-json\/wp\/v2\/users\/1"}],"replies":[{"embeddable":true,"href":"http:\/\/istosfilm.com\/tr\/wp-json\/wp\/v2\/comments?post=4275"}],"version-history":[{"count":1,"href":"http:\/\/istosfilm.com\/tr\/wp-json\/wp\/v2\/pages\/4275\/revisions"}],"predecessor-version":[{"id":5029,"href":"http:\/\/istosfilm.com\/tr\/wp-json\/wp\/v2\/pages\/4275\/revisions\/5029"}],"wp:attachment":[{"href":"http:\/\/istosfilm.com\/tr\/wp-json\/wp\/v2\/media?parent=4275"}],"curies":[{"name":"wp","href":"https:\/\/api.w.org\/{rel}","templated":true}]}}