{"id":4279,"date":"2023-03-27T10:00:35","date_gmt":"2023-03-27T10:00:35","guid":{"rendered":"https:\/\/istosfilm.com\/?page_id=4279"},"modified":"2025-11-04T17:03:25","modified_gmt":"2025-11-04T17:03:25","slug":"in-development","status":"publish","type":"page","link":"http:\/\/istosfilm.com\/tr\/in-development\/","title":{"rendered":"Geli\u015ftirme A\u015famas\u0131ndaki Filmler"},"content":{"rendered":"<section class=\"wpb-content-wrapper\"><div class=\"vc_row wpb_row vc_row-fluid vc_custom_1527756710745\" ><div class=\"wpb_column vc_column_container vc_col-sm-12\"><div class=\"vc_column-inner\"><div class=\"wpb_wrapper\"><div class=\"edgtf-elements-holder   edgtf-one-column  edgtf-responsive-mode-768\" ><div class=\"edgtf-eh-item    edgtf-fade-in-down\"  data-item-class=\"edgtf-eh-custom-1670\" data-animation=\"edgtf-fade-in-down\" data-1024-1366=\"0px 40px 20px 40px\" data-768-1024=\"0px 40px 20px 40px\" data-680-768=\"0px 40px 20px 40px\" data-680=\"0px 40px 41px 40px\">\n\t<div class=\"edgtf-eh-item-inner\">\n\t\t<div class=\"edgtf-eh-item-content edgtf-eh-custom-1670\" style=\"padding: 0\">\n\t\t\t<div class=\"edgtf-section-title-holder title-istos edgtf-st-standard edgtf-st-title-left edgtf-st-ratio-1-2 edgtf-st-large-space\" style=\"text-align: center\">\n\t<div class=\"edgtf-st-inner\">\n\t\t\t\t\t<h3 class=\"edgtf-st-title\" >\n\t\t\t\tGeli\u015ftirme A\u015famas\u0131ndaki Filmler\t\t\t<\/h3>\n\t\t\t\t\t<\/div>\n<\/div><div class=\"vc_empty_space\"   style=\"height: 32px\"><span class=\"vc_empty_space_inner\"><\/span><\/div><div class=\"edgtf-portfolio-list-holder edgtf-pl-gallery  edgtf-normal-space edgtf-pl-three-columns edgtf-pl-gallery-text-sliding    edgtf-pl-pag-no-pagination  edgtf-pl-has-animation\"  data-type=\"gallery\" data-number-of-columns=\"3\" data-space-between-items=\"normal\" data-number-of-items=\"-1\" data-image-proportions=\"full\" data-enable-fixed-proportions=\"no\" data-enable-image-shadow=\"no\" data-category=\"in-development\" data-orderby=\"date\" data-order=\"DESC\" data-item-style=\"gallery-text-sliding\" data-enable-title=\"yes\" data-title-tag=\"h4\" data-enable-category=\"yes\" data-enable-count-images=\"yes\" data-enable-excerpt=\"yes\" data-excerpt-length=\"140\" data-pagination-type=\"no-pagination\" data-filter=\"no\" data-filter-order-by=\"name\" data-enable-article-animation=\"yes\" data-portfolio-slider-on=\"no\" data-enable-loop=\"yes\" data-enable-autoplay=\"yes\" data-slider-speed=\"5000\" data-slider-speed-animation=\"600\" data-enable-navigation=\"yes\" data-enable-pagination=\"yes\" data-max-num-pages=\"0\" data-next-page=\"2\">\n\t\t<div class=\"edgtf-pl-inner edgtf-outer-space  clearfix\">\n\t\t<article class=\"edgtf-pl-item edgtf-item-space  post-3782 portfolio-item type-portfolio-item status-publish has-post-thumbnail hentry portfolio-category-films portfolio-category-in-development\">\n\t<div class=\"edgtf-pl-item-inner\">\n\t\t<div class=\"edgtf-pli-image\">\n\t<img fetchpriority=\"high\" decoding=\"async\" width=\"720\" height=\"405\" src=\"https:\/\/istosfilm.com\/wp-content\/uploads\/2023\/03\/karaorman1.jpg\" class=\"attachment-full size-full wp-post-image\" alt=\"\" srcset=\"https:\/\/istosfilm.com\/wp-content\/uploads\/2023\/03\/karaorman1.jpg 720w, https:\/\/istosfilm.com\/wp-content\/uploads\/2023\/03\/karaorman1-300x169.jpg 300w, https:\/\/istosfilm.com\/wp-content\/uploads\/2023\/03\/karaorman1-18x10.jpg 18w, https:\/\/istosfilm.com\/wp-content\/uploads\/2023\/03\/karaorman1-600x338.jpg 600w\" sizes=\"(max-width: 720px) 100vw, 720px\" \/><\/div>\n<div class=\"edgtf-pli-text-holder\">\n\t<div class=\"edgtf-pli-text\">\n\t\t\t<h4 itemprop=\"name\" class=\"edgtf-pli-title entry-title\" >\n\t\tMutlu Bir Yuva\t<\/h4>\n\t\t\t<p itemprop=\"description\" class=\"edgtf-pli-excerpt\">Geli\u015ftirme A\u015famas\u0131nda<\/p>\n\t<\/div>\n<\/div>\n\t\t<a itemprop=\"url\" class=\"edgtf-pli-link edgtf-block-drag-link\" href=\"http:\/\/istosfilm.com\/tr\/films\/100-thousand-turkish-liras\/\" target=\"_self\"><\/a>\n\t<\/div>\n<\/article><article class=\"edgtf-pl-item edgtf-item-space  post-3786 portfolio-item type-portfolio-item status-publish has-post-thumbnail hentry portfolio-category-films portfolio-category-in-development\">\n\t<div class=\"edgtf-pl-item-inner\">\n\t\t<div class=\"edgtf-pli-image\">\n\t<img decoding=\"async\" width=\"720\" height=\"405\" data-src=\"https:\/\/istosfilm.com\/wp-content\/uploads\/2023\/02\/karasimsek.jpeg\" class=\"attachment-full size-full wp-post-image lazyload\" alt=\"\" data-srcset=\"https:\/\/istosfilm.com\/wp-content\/uploads\/2023\/02\/karasimsek.jpeg 720w, https:\/\/istosfilm.com\/wp-content\/uploads\/2023\/02\/karasimsek-300x169.jpeg 300w, https:\/\/istosfilm.com\/wp-content\/uploads\/2023\/02\/karasimsek-18x10.jpeg 18w, https:\/\/istosfilm.com\/wp-content\/uploads\/2023\/02\/karasimsek-600x338.jpeg 600w\" data-sizes=\"(max-width: 720px) 100vw, 720px\" src=\"data:image\/svg+xml;base64,PHN2ZyB3aWR0aD0iMSIgaGVpZ2h0PSIxIiB4bWxucz0iaHR0cDovL3d3dy53My5vcmcvMjAwMC9zdmciPjwvc3ZnPg==\" style=\"--smush-placeholder-width: 720px; --smush-placeholder-aspect-ratio: 720\/405;\" \/><\/div>\n<div class=\"edgtf-pli-text-holder\">\n\t<div class=\"edgtf-pli-text\">\n\t\t\t<h4 itemprop=\"name\" class=\"edgtf-pli-title entry-title\" >\n\t\tKara \u015eim\u015fek 3\t<\/h4>\n\t\t\t<p itemprop=\"description\" class=\"edgtf-pli-excerpt\">Geli\u015ftirme A\u015famas\u0131nda<\/p>\n\t<\/div>\n<\/div>\n\t\t<a itemprop=\"url\" class=\"edgtf-pli-link edgtf-block-drag-link\" href=\"http:\/\/istosfilm.com\/tr\/films\/kara-simsek\/\" target=\"_self\"><\/a>\n\t<\/div>\n<\/article>\t<\/div>\n\t\n\t<\/div>\t\t<\/div>\n\t<\/div>\n<\/div><\/div><\/div><\/div><\/div><\/div>\n<\/section>","protected":false},"excerpt":{"rendered":"In Development Knight Rider 3 An identity thief who swindles older women with a fake doctor identity, [...]","protected":false},"author":1,"featured_media":0,"parent":0,"menu_order":30,"comment_status":"closed","ping_status":"closed","template":"full-width.php","meta":{"footnotes":""},"class_list":["post-4279","page","type-page","status-publish","hentry"],"_links":{"self":[{"href":"http:\/\/istosfilm.com\/tr\/wp-json\/wp\/v2\/pages\/4279","targetHints":{"allow":["GET"]}}],"collection":[{"href":"http:\/\/istosfilm.com\/tr\/wp-json\/wp\/v2\/pages"}],"about":[{"href":"http:\/\/istosfilm.com\/tr\/wp-json\/wp\/v2\/types\/page"}],"author":[{"embeddable":true,"href":"http:\/\/istosfilm.com\/tr\/wp-json\/wp\/v2\/users\/1"}],"replies":[{"embeddable":true,"href":"http:\/\/istosfilm.com\/tr\/wp-json\/wp\/v2\/comments?post=4279"}],"version-history":[{"count":1,"href":"http:\/\/istosfilm.com\/tr\/wp-json\/wp\/v2\/pages\/4279\/revisions"}],"predecessor-version":[{"id":5031,"href":"http:\/\/istosfilm.com\/tr\/wp-json\/wp\/v2\/pages\/4279\/revisions\/5031"}],"wp:attachment":[{"href":"http:\/\/istosfilm.com\/tr\/wp-json\/wp\/v2\/media?parent=4279"}],"curies":[{"name":"wp","href":"https:\/\/api.w.org\/{rel}","templated":true}]}}