{"id":4568,"date":"2023-09-10T12:56:09","date_gmt":"2023-09-10T12:56:09","guid":{"rendered":"https:\/\/istosfilm.com\/?page_id=4568"},"modified":"2023-09-10T12:58:37","modified_gmt":"2023-09-10T12:58:37","slug":"cerezler-ve-gizlilik-politikasi","status":"publish","type":"page","link":"http:\/\/istosfilm.com\/tr\/cerezler-ve-gizlilik-politikasi\/","title":{"rendered":"\u00c7erezler ve Gizlilik Politikas\u0131"},"content":{"rendered":"<section class=\"wpb-content-wrapper\"><div class=\"vc_row wpb_row vc_row-fluid vc_custom_1679039538673\" ><div class=\"wpb_column vc_column_container vc_col-sm-12\"><div class=\"vc_column-inner\"><div class=\"wpb_wrapper\"><div class=\"edgtf-elements-holder   edgtf-one-column  edgtf-responsive-mode-768\" ><div class=\"edgtf-eh-item    edgtf-fade-in-down\"  data-item-class=\"edgtf-eh-custom-3581\" data-animation=\"edgtf-fade-in-down\" data-1024-1366=\"0px 40px 20px 40px\" data-768-1024=\"0px 40px 20px 40px\" data-680-768=\"0px 40px 20px 40px\" data-680=\"0px 40px 41px 40px\">\n\t<div class=\"edgtf-eh-item-inner\">\n\t\t<div class=\"edgtf-eh-item-content edgtf-eh-custom-3581\" style=\"padding: 0px 0px 0px 0px\">\n\t\t\t<div class=\"edgtf-section-title-holder title-istos edgtf-st-standard edgtf-st-title-left edgtf-st-ratio-1-2 edgtf-st-large-space\" style=\"text-align: center\">\n\t<div class=\"edgtf-st-inner\">\n\t\t\t\t\t<h3 class=\"edgtf-st-title\" >\n\t\t\t\t\u00c7erezler ve Gizlilik Politikas\u0131\t\t\t<\/h3>\n\t\t\t\t\t<\/div>\n<\/div><div class=\"vc_empty_space\"   style=\"height: 64px\"><span class=\"vc_empty_space_inner\"><\/span><\/div>\n\t<div class=\"wpb_text_column wpb_content_element\" >\n\t\t<div class=\"wpb_wrapper\">\n\t\t\t<p>Ki\u015fisel bilgileriniz (isim, adres, e-posta adresi, sipari\u015f ayr\u0131nt\u0131lar\u0131) ba\u015fka hi\u00e7bir kurumla payla\u015f\u0131lmaz. Kredi kart\u0131 bilgileriniz \u00f6deme altyap\u0131s\u0131n\u0131 kulland\u0131\u011f\u0131m\u0131z, BDDK taraf\u0131ndan onaylanm\u0131\u015f finans kurumlar\u0131 taraf\u0131ndan i\u015flenmektedir. Kart bilgileriniz istos film taraf\u0131ndan \u00f6\u011frenilmez, g\u00f6r\u00fcnmez ve kesinlikle saklanmaz.<\/p>\n<p>Al\u0131\u015fveri\u015f i\u00e7in verilen e-posta adresi istos\u2019un yeni faaliyetleri ve kitaplar\u0131n\u0131 tan\u0131tmak i\u00e7in kullan\u0131lan b\u00fcltene abone edilir, ziyaret\u00e7i istedi\u011fi an b\u00fclten aboneli\u011fini sonland\u0131rabilir. Bir kez b\u00fclten aboneli\u011fine son veren ziyaret\u00e7i kendi istemedik\u00e7e tekrar abone yap\u0131lmayacakt\u0131r.<\/p>\n<p>istosfilm.com sitesi, kullan\u0131c\u0131ya en iyi \u015fekilde servis verebilmek i\u00e7in a\u00e7\u0131k kaynak kodlu, \u00f6zg\u00fcr bir yaz\u0131l\u0131m olan WordPress\u2019i ve bu yaz\u0131l\u0131m\u0131 destekleyen ana firma Automattic taraf\u0131ndan geli\u015ftirilen Jetpack eklentisini kullan\u0131r. Jetpack eklentisi, ziyaret\u00e7ilerin bilgisayar\u0131nda veya mobil cihazlar\u0131nda \u00e7erezler arac\u0131l\u0131\u011f\u0131yla k\u00fc\u00e7\u00fck veri par\u00e7alar\u0131 saklar. Tek bir ziyaret (bir \u2018oturum \u00e7erezi\u2019 arac\u0131l\u0131\u011f\u0131yla) veya birden fazla tekrar ziyareti (\u2018kal\u0131c\u0131 \u00e7erez\u2019 kullanarak) i\u00e7in sizi ve tercihlerinizi \u2018hat\u0131rlamak\u2019 i\u00e7in yayg\u0131n olarak kullan\u0131l\u0131r. Ziyaret\u00e7iler i\u00e7in tutarl\u0131 ve verimli bir deneyim sa\u011flarlar ve kullan\u0131c\u0131lar\u0131n kaydolmalar\u0131na ve giri\u015f yapmalar\u0131na izin verme gibi temel i\u015flevleri yerine getirirler. \u00c7erezler, ziyaret etti\u011finiz site (\u2018birinci taraf \u00e7erezleri\u2019 olarak bilinir) veya \u00fc\u00e7\u00fcnc\u00fc taraflarca belirlenebilir. \u00f6rne\u011fin, web sitesinde i\u00e7erik sunan veya reklam veya analitik hizmetler sunanlar (\u2018\u00fc\u00e7\u00fcnc\u00fc taraf \u00e7erezleri\u2019) gibi.<\/p>\n<p>Hem web siteleri hem de HTML e-postalar\u0131, \u2018web i\u015faret\u00e7ileri\u2019 veya \u2018pikseller\u2019 gibi ba\u015fka izleme teknolojileri de i\u00e7erebilir. Bunlar genellikle \u00e7erezler ile benzer ama\u00e7larla bize istatistikler sa\u011flayan k\u00fc\u00e7\u00fck \u015feffaf g\u00f6r\u00fcnt\u00fclerdir. Bilgisayar\u0131n\u0131zda ayn\u0131 \u015fekilde saklanmam\u0131\u015f olmalar\u0131na ra\u011fmen, genellikle \u00e7erezlerle birlikte kullan\u0131l\u0131rlar. Sonu\u00e7 olarak, \u00e7erezleri devre d\u0131\u015f\u0131 b\u0131rak\u0131rsan\u0131z, web i\u015faret\u00e7ileri hala y\u00fcklenebilir, ancak i\u015flevleri k\u0131s\u0131tlan\u0131r.<\/p>\n<p>\u00c7erezler Jetpack taraf\u0131ndan farkl\u0131 ama\u00e7lar ve y\u00f6ntemlerle kullan\u0131labilir. Y\u00fcklenen \u00e7erezler site \u00fczerinde tan\u0131mlanm\u0131\u015f belirli \u00f6zellikleri kullanabilir. \u00c7erezler bu \u00f6zelliklerin kullan\u0131m\u0131 s\u0131ras\u0131nda y\u00fcklenir.<\/p>\n<p>Jetpack eklentisinin kurulu oldu\u011fu sitelerin kay\u0131tl\u0131 kullan\u0131c\u0131lar\u0131 i\u00e7in ayarlanan \u00e7e\u015fitli \u00e7erezleri listeleyen a\u015fa\u011f\u0131daki tablolarda daha ayr\u0131nt\u0131l\u0131 bilgi verilmektedir. Jetpack.com taraf\u0131ndan ayarlanan \u00e7erezler veya Jetpack eklentisinin kurulu oldu\u011fu sitelerin ziyaret\u00e7ileri i\u00e7in bilgi i\u00e7in l\u00fctfen automattic.com\/cookies adresindeki \u00e7erez politikas\u0131na bak\u0131n<\/p>\n<p>Baz\u0131 Jetpack \u00f6zellikleri, ziyaret\u00e7ilerin deneyimini geli\u015ftirmek i\u00e7in \u00fc\u00e7\u00fcnc\u00fc taraf uygulamalar\u0131 ve hizmetleri kullan\u0131r. Bunlara Facebook ve Twitter gibi sosyal medya platformlar\u0131 ( Payla\u015fma \u00f6zelli\u011fimiz arac\u0131l\u0131\u011f\u0131yla) dahildir. Sonu\u00e7 olarak, \u00e7erezler bu \u00fc\u00e7\u00fcnc\u00fc taraflarca belirlenebilir ve \u00e7evrimi\u00e7i etkinliklerinizi izlemek i\u00e7in onlar taraf\u0131ndan kullan\u0131labilir. Bu \u00e7erezler taraf\u0131ndan toplanan bilgiler \u00fczerinde do\u011frudan kontrol\u00fcm\u00fcz veya eri\u015fimimiz yoktur. Daha fazla bilgi i\u00e7in bu t\u00fcr hizmetlerin ki\u015fisel gizlilik politikalar\u0131na dan\u0131\u015fman\u0131z\u0131 \u00f6neririz.<\/p>\n<h4 class=\"wp-block-heading\">\u00c7erezleri Kontrol Etmek<\/h4>\n<p>Ziyaret\u00e7iler, \u00e7erez kullan\u0131m\u0131n\u0131 s\u0131n\u0131rlamak veya tamamen kurulmas\u0131n\u0131 engellemek isteyebilirler. \u00c7o\u011fu taray\u0131c\u0131, yerle\u015fik i\u015flevsellik veya \u00fc\u00e7\u00fcnc\u00fc taraf eklentileri kullanarak, depolanma s\u00fcreleri gibi \u00e7erez davran\u0131\u015flar\u0131n\u0131 denetleme yollar\u0131 sa\u011flar. \u00c7erezleri devre d\u0131\u015f\u0131 b\u0131rak\u0131rsan\u0131z, l\u00fctfen servisimizin baz\u0131 \u00f6zelliklerinin do\u011fru \u00e7al\u0131\u015fmayabilece\u011fini unutmay\u0131n.<\/p>\n<p>\u00c7erezlerin nas\u0131l y\u00f6netilece\u011fi ve silinece\u011fi hakk\u0131nda daha fazla bilgi edinmek i\u00e7in aboutcookies.org adresini ziyaret edin. \u0130lgi alan\u0131na dayal\u0131 reklamc\u0131l\u0131k i\u00e7in web tarama etkinli\u011finizin kullan\u0131m\u0131yla ilgili se\u00e7enekleriniz hakk\u0131nda daha fazla bilgi i\u00e7in, youronlinechoices.eu (AB merkezli) veya optout.aboutads.info (ABD merkezli) adresini ziyaret edin. Bir mobil cihazda, reklam izlemeyi s\u0131n\u0131rland\u0131rmak i\u00e7in ayarlar\u0131n\u0131z\u0131 yapmak da olabilir.<\/p>\n\n\t\t<\/div>\n\t<\/div>\n\t\t<\/div>\n\t<\/div>\n<\/div><\/div><\/div><\/div><\/div><\/div>\n<\/section>","protected":false},"excerpt":{"rendered":"Cookies and Privacy Policy Ki\u015fisel bilgileriniz (isim, adres, e-posta adresi, sipari\u015f ayr\u0131nt\u0131lar\u0131) ba\u015fka hi\u00e7bir kurumla payla\u015f\u0131lmaz. Kredi [...]","protected":false},"author":1,"featured_media":0,"parent":0,"menu_order":20,"comment_status":"closed","ping_status":"closed","template":"full-width.php","meta":{"footnotes":""},"class_list":["post-4568","page","type-page","status-publish","hentry"],"_links":{"self":[{"href":"http:\/\/istosfilm.com\/tr\/wp-json\/wp\/v2\/pages\/4568","targetHints":{"allow":["GET"]}}],"collection":[{"href":"http:\/\/istosfilm.com\/tr\/wp-json\/wp\/v2\/pages"}],"about":[{"href":"http:\/\/istosfilm.com\/tr\/wp-json\/wp\/v2\/types\/page"}],"author":[{"embeddable":true,"href":"http:\/\/istosfilm.com\/tr\/wp-json\/wp\/v2\/users\/1"}],"replies":[{"embeddable":true,"href":"http:\/\/istosfilm.com\/tr\/wp-json\/wp\/v2\/comments?post=4568"}],"version-history":[{"count":0,"href":"http:\/\/istosfilm.com\/tr\/wp-json\/wp\/v2\/pages\/4568\/revisions"}],"wp:attachment":[{"href":"http:\/\/istosfilm.com\/tr\/wp-json\/wp\/v2\/media?parent=4568"}],"curies":[{"name":"wp","href":"https:\/\/api.w.org\/{rel}","templated":true}]}}