{"id":4180,"date":"2023-03-20T08:10:40","date_gmt":"2023-03-20T08:10:40","guid":{"rendered":"https:\/\/istosfilm.com\/?page_id=4180"},"modified":"2025-11-05T08:59:01","modified_gmt":"2025-11-05T08:59:01","slug":"about-us","status":"publish","type":"page","link":"https:\/\/istosfilm.com\/tr\/about-us\/","title":{"rendered":"Hakk\u0131m\u0131zda"},"content":{"rendered":"<section class=\"wpb-content-wrapper\"><div class=\"vc_row wpb_row vc_row-fluid vc_custom_1679039538673\" ><div class=\"wpb_column vc_column_container vc_col-sm-12\"><div class=\"vc_column-inner\"><div class=\"wpb_wrapper\"><div class=\"edgtf-elements-holder   edgtf-one-column  edgtf-responsive-mode-768\" ><div class=\"edgtf-eh-item    edgtf-fade-in-down\"  data-item-class=\"edgtf-eh-custom-2165\" data-animation=\"edgtf-fade-in-down\" data-1024-1366=\"0px 40px 20px 40px\" data-768-1024=\"0px 40px 20px 40px\" data-680-768=\"0px 40px 20px 40px\" data-680=\"0px 40px 41px 40px\">\n\t<div class=\"edgtf-eh-item-inner\">\n\t\t<div class=\"edgtf-eh-item-content edgtf-eh-custom-2165\" style=\"padding: 0px 0px 0px 0px\">\n\t\t\t<div class=\"vc_row wpb_row vc_inner vc_row-fluid vc_column-gap-20\" ><div class=\"wpb_column vc_column_container vc_col-sm-6\"><div class=\"vc_column-inner\"><div class=\"wpb_wrapper\">\n\t<div class=\"wpb_text_column wpb_content_element\" >\n\t\t<div class=\"wpb_wrapper\">\n\t\t\t<p class=\"p1 translation-block\">2012 y\u0131l\u0131nda \u0130stanbul'da kurulmu\u015f, \u00fc\u00e7 dilli (T\u00fcrk\u00e7e, Yunanca, \u0130ngilizce) yay\u0131n yapan istos yay\u0131n giri\u015fiminin bir par\u00e7as\u0131 olan <b><i>istos film<\/i><\/b>, gen\u00e7, yenilik\u00e7i, cesur, ba\u011f\u0131ms\u0131z, k\u0131sa ya da uzun metrajl\u0131 kurgu veya belgesel filmler \u00fcretmeyi ama\u00e7lar. \u00c7e\u015fitli arka planlara sahip ki\u015filerden bir araya gelen bir kolektif olarak yetenekler ile yak\u0131n i\u015fbirli\u011fi i\u00e7inde \u00e7al\u0131\u015f\u0131r.<\/p>\n\n\t\t<\/div>\n\t<\/div>\n\n\t<div class=\"wpb_text_column wpb_content_element\" >\n\t\t<div class=\"wpb_wrapper\">\n\t\t\t<p class=\"p1\"><i><span style=\"font-weight: 400;\"><i><b>istos film<\/b><\/i><\/span><\/i><span style=\"font-weight: 400;\"> ELLBOGEN \/ ELBOW \/ D\u0130RSEK filminin ortak yap\u0131mc\u0131l\u0131\u011f\u0131n\u0131 \u00fcstlendi (ortak yap\u0131mc\u0131, y\u00f6netmen Asl\u0131 \u00d6zarslan, yap\u0131mc\u0131 Jamila Wenske; pr\u00f6miyeri Berlinale Generation 2024'te yap\u0131ld\u0131); Yap\u0131mc\u0131l\u0131\u011f\u0131n\u0131 \u00fcstlendi\u011fi OTHERWISE IN ISTANBUL (y\u00f6n. Didem Pek\u00fcn, \u0130stanbul FF 2024'te pr\u00f6miyer yapt\u0131), ZUHAL (y\u00f6n. Nazl\u0131 E. Durlu, Tallinn Black Nights FF 2021'de pr\u00f6miyer yapt\u0131) ve ELA \u0130LE H\u0130LM\u0130 VE AL\u0130 (y\u00f6n. Ziya Demirel, \u0130stanbul FF 2022'de pr\u00f6miyer yapt\u0131), MADDEN\u0130N HALLER\u0130 (y\u00f6n. Deniz Tortum, IFFR 2020'de pr\u00f6miyer yapt\u0131), YUVA (y\u00f6n. Emre Yeksan, Venedik FF Bienali College Cinema 2018'de pr\u00f6miyer yapt\u0131), THE GULF (y\u00f6n. Emre Yeksan, Venedik FF Int. Critics' Week 2017'de pr\u00f6miyer yapt\u0131), k\u0131sa film SALI (y\u00f6n. Ziya Demirel, Cannes FF Official Selection 2015'te pr\u00f6miyer yapt\u0131). <\/span><i><span style=\"font-weight: 400;\"><i><b>istos film<\/b><\/i><\/span><\/i><span style=\"font-weight: 400;\"> EFA, ACE, EAVE a\u011flar\u0131n\u0131n bir \u00fcyesidir. <\/span><\/p>\n\n\t\t<\/div>\n\t<\/div>\n<\/div><\/div><\/div><div class=\"wpb_column vc_column_container vc_col-sm-6\"><div class=\"vc_column-inner\"><div class=\"wpb_wrapper\">\n\t<div class=\"wpb_text_column wpb_content_element\" >\n\t\t<div class=\"wpb_wrapper\">\n\t\t\t<p><strong>2026 MUTLU B\u0130R YUVA<\/strong><br \/>\ny\u00f6n. Nazl\u0131 Elif Durlu, in financing<\/p>\n<p><strong>2026 \u015eER\u0130FE TAV\u015eAN<\/strong><br \/>\nas co-producer, dir. Tareq Daoud, prod. Elena Tatti, Box Prod. Switzerland; in post-production<\/p>\n<p><strong>2025 EN G\u00dcZEL CENAZE \u015eARKILARI<\/strong><br \/>\ndir. Ziya Demirel, premiere Tokyo Film Festival 2025<\/p>\n<p><strong>2024 ELLBOGEN \/ ELBOW<\/strong><br \/>\nas co-producer, dir. Asl\u0131 \u00d6zarslan, prod. Jamila Wenske; pr. 2024 Berlinale Generation<\/p>\n<p><strong>2024 OTHERWISE IN ISTANBUL<\/strong><br \/>\ndir. Didem Pek\u00fcn, Istanbul FF<\/p>\n<p><strong>2022 ELA \u0130LE H\u0130LM\u0130 VE AL\u0130<\/strong><br \/>\ndir. Ziya Demirel, Istanbul FF FIPRESCI Award, Best Script, Best Actress, Best Actors Mention; Adana FF Best Film, Best Script, Best Director, Best Actress, Best Editing, Best Prod. Design<\/p>\n<p><strong>2021 ZUHAL<\/strong><br \/>\ndir. Nazl\u0131 Elif Durlu, Tallin Black Nights FF<\/p>\n<p><strong>2020 MADDEN\u0130N HALLER\u0130<\/strong><br \/>\ndir. Deniz Tortum, wp IFFR 2020 Bright Future<\/p>\n<p><strong>2019 YUVA<\/strong><br \/>\ndir. Emre Yeksan, wp Venice Biennale College Cinema 2019<\/p>\n<p><strong>2017 K\u00d6RFEZ \/ THE GULF<\/strong><br \/>\ndir. Emre Yeksan, wp Venice FF Critics\u2019 Week 2017<\/p>\n<p><strong>2015 SALI \/ TUESDAY<\/strong><br \/>\ndir. Ziya Demirel, wp Cannes FF Official Selection 2015<\/p>\n\n\t\t<\/div>\n\t<\/div>\n<\/div><\/div><\/div><\/div><div class=\"vc_empty_space\"   style=\"height: 64px\"><span class=\"vc_empty_space_inner\"><\/span><\/div><div class=\"vc_separator wpb_content_element vc_separator_align_center vc_sep_width_100 vc_sep_pos_align_center vc_separator_no_text vc_sep_color_grey\" ><span class=\"vc_sep_holder vc_sep_holder_l\"><span class=\"vc_sep_line\"><\/span><\/span><span class=\"vc_sep_holder vc_sep_holder_r\"><span class=\"vc_sep_line\"><\/span><\/span>\n<\/div><div class=\"vc_empty_space\"   style=\"height: 64px\"><span class=\"vc_empty_space_inner\"><\/span><\/div><div class=\"vc_row wpb_row vc_inner vc_row-fluid vc_column-gap-20\" ><div class=\"wpb_column vc_column_container vc_col-sm-4\"><div class=\"vc_column-inner\"><div class=\"wpb_wrapper\"><div class=\"edgtf-team-holder edgtf-team-info-below-image\">\n\t<div class=\"edgtf-team-inner\">\n\t\t\t\t\t<div class=\"edgtf-team-image\">\n                <img fetchpriority=\"high\" decoding=\"async\" width=\"666\" height=\"666\" src=\"https:\/\/istosfilm.com\/wp-content\/uploads\/2025\/11\/MV5BNmJlNTY4ZmYtOWYzOS00ZGUzLTg0YTItZmQxMDM4MWJkYjliXkEyXkFqcGc@._V1_FMjpg_UX1000_.jpg\" class=\"attachment-full size-full\" alt=\"\" srcset=\"https:\/\/istosfilm.com\/wp-content\/uploads\/2025\/11\/MV5BNmJlNTY4ZmYtOWYzOS00ZGUzLTg0YTItZmQxMDM4MWJkYjliXkEyXkFqcGc@._V1_FMjpg_UX1000_.jpg 666w, https:\/\/istosfilm.com\/wp-content\/uploads\/2025\/11\/MV5BNmJlNTY4ZmYtOWYzOS00ZGUzLTg0YTItZmQxMDM4MWJkYjliXkEyXkFqcGc@._V1_FMjpg_UX1000_-300x300.jpg 300w, https:\/\/istosfilm.com\/wp-content\/uploads\/2025\/11\/MV5BNmJlNTY4ZmYtOWYzOS00ZGUzLTg0YTItZmQxMDM4MWJkYjliXkEyXkFqcGc@._V1_FMjpg_UX1000_-150x150.jpg 150w, https:\/\/istosfilm.com\/wp-content\/uploads\/2025\/11\/MV5BNmJlNTY4ZmYtOWYzOS00ZGUzLTg0YTItZmQxMDM4MWJkYjliXkEyXkFqcGc@._V1_FMjpg_UX1000_-12x12.jpg 12w, https:\/\/istosfilm.com\/wp-content\/uploads\/2025\/11\/MV5BNmJlNTY4ZmYtOWYzOS00ZGUzLTg0YTItZmQxMDM4MWJkYjliXkEyXkFqcGc@._V1_FMjpg_UX1000_-550x550.jpg 550w, https:\/\/istosfilm.com\/wp-content\/uploads\/2025\/11\/MV5BNmJlNTY4ZmYtOWYzOS00ZGUzLTg0YTItZmQxMDM4MWJkYjliXkEyXkFqcGc@._V1_FMjpg_UX1000_-650x650.jpg 650w, https:\/\/istosfilm.com\/wp-content\/uploads\/2025\/11\/MV5BNmJlNTY4ZmYtOWYzOS00ZGUzLTg0YTItZmQxMDM4MWJkYjliXkEyXkFqcGc@._V1_FMjpg_UX1000_-600x600.jpg 600w, https:\/\/istosfilm.com\/wp-content\/uploads\/2025\/11\/MV5BNmJlNTY4ZmYtOWYzOS00ZGUzLTg0YTItZmQxMDM4MWJkYjliXkEyXkFqcGc@._V1_FMjpg_UX1000_-100x100.jpg 100w\" sizes=\"(max-width: 666px) 100vw, 666px\" \/>\t\t\t\t<div class=\"edgtf-team-social-wrapper\">\n\t\t\t\t\t<div class=\"edgtf-team-social-outer\">\n\t\t\t\t\t\t<div class=\"edgtf-team-social-inner\">\n\t\t\t\t\t\t\t\t\t\t\t\t\t\t\t<p class=\"edgtf-team-text\" >annamaria@istosfilm.com<\/p>\n\t\t\t\t\t\t\t\t\t\t\t\t\t\t\t\t\t\t\t\t<\/div>\n\t\t\t\t\t<\/div>\n\t\t\t\t<\/div>\n\t\t\t<\/div>\n\t\t\t\t<div class=\"edgtf-team-info\">\n\t\t\t\t\t\t\t<h5 class=\"edgtf-team-name\" style=\"color: #ffffff\">ANNA MARIA ASLANO\u011eLU<\/h5>\n\t\t\t\t\t\t\t\t\t\t<p class=\"edgtf-team-position\" style=\"color: #ffffff\">producer, executive producer, line producer<\/p>\n\t\t\t\t\t<\/div>\n\t<\/div>\n<\/div><\/div><\/div><\/div><div class=\"wpb_column vc_column_container vc_col-sm-4\"><div class=\"vc_column-inner\"><div class=\"wpb_wrapper\"><div class=\"edgtf-team-holder edgtf-team-info-below-image\">\n\t<div class=\"edgtf-team-inner\">\n\t\t\t\t\t<div class=\"edgtf-team-image\">\n                <img decoding=\"async\" width=\"666\" height=\"666\" data-src=\"https:\/\/istosfilm.com\/wp-content\/uploads\/2025\/11\/gulenay.jpg\" class=\"attachment-full size-full lazyload\" alt=\"\" data-srcset=\"https:\/\/istosfilm.com\/wp-content\/uploads\/2025\/11\/gulenay.jpg 666w, https:\/\/istosfilm.com\/wp-content\/uploads\/2025\/11\/gulenay-300x300.jpg 300w, https:\/\/istosfilm.com\/wp-content\/uploads\/2025\/11\/gulenay-150x150.jpg 150w, https:\/\/istosfilm.com\/wp-content\/uploads\/2025\/11\/gulenay-12x12.jpg 12w, https:\/\/istosfilm.com\/wp-content\/uploads\/2025\/11\/gulenay-550x550.jpg 550w, https:\/\/istosfilm.com\/wp-content\/uploads\/2025\/11\/gulenay-650x650.jpg 650w, https:\/\/istosfilm.com\/wp-content\/uploads\/2025\/11\/gulenay-600x600.jpg 600w, https:\/\/istosfilm.com\/wp-content\/uploads\/2025\/11\/gulenay-100x100.jpg 100w\" data-sizes=\"(max-width: 666px) 100vw, 666px\" src=\"data:image\/svg+xml;base64,PHN2ZyB3aWR0aD0iMSIgaGVpZ2h0PSIxIiB4bWxucz0iaHR0cDovL3d3dy53My5vcmcvMjAwMC9zdmciPjwvc3ZnPg==\" style=\"--smush-placeholder-width: 666px; --smush-placeholder-aspect-ratio: 666\/666;\" \/>\t\t\t\t<div class=\"edgtf-team-social-wrapper\">\n\t\t\t\t\t<div class=\"edgtf-team-social-outer\">\n\t\t\t\t\t\t<div class=\"edgtf-team-social-inner\">\n\t\t\t\t\t\t\t\t\t\t\t\t\t\t\t<p class=\"edgtf-team-text\" >gulenaykocak@istosfilm.com<\/p>\n\t\t\t\t\t\t\t\t\t\t\t\t\t\t\t\t\t\t\t\t<\/div>\n\t\t\t\t\t<\/div>\n\t\t\t\t<\/div>\n\t\t\t<\/div>\n\t\t\t\t<div class=\"edgtf-team-info\">\n\t\t\t\t\t\t\t<h5 class=\"edgtf-team-name\" style=\"color: #ffffff\">G\u00dcLENAY KO\u00c7AK<\/h5>\n\t\t\t\t\t\t\t\t\t\t<p class=\"edgtf-team-position\" style=\"color: #ffffff\">associate producer, production coordination, production accounting<\/p>\n\t\t\t\t\t<\/div>\n\t<\/div>\n<\/div><\/div><\/div><\/div><div class=\"wpb_column vc_column_container vc_col-sm-4\"><div class=\"vc_column-inner\"><div class=\"wpb_wrapper\"><div class=\"edgtf-team-holder edgtf-team-info-below-image\">\n\t<div class=\"edgtf-team-inner\">\n\t\t\t\t\t<div class=\"edgtf-team-image\">\n                <img decoding=\"async\" width=\"666\" height=\"666\" data-src=\"https:\/\/istosfilm.com\/wp-content\/uploads\/2025\/11\/elif.jpg\" class=\"attachment-full size-full lazyload\" alt=\"\" data-srcset=\"https:\/\/istosfilm.com\/wp-content\/uploads\/2025\/11\/elif.jpg 666w, https:\/\/istosfilm.com\/wp-content\/uploads\/2025\/11\/elif-300x300.jpg 300w, https:\/\/istosfilm.com\/wp-content\/uploads\/2025\/11\/elif-150x150.jpg 150w, https:\/\/istosfilm.com\/wp-content\/uploads\/2025\/11\/elif-12x12.jpg 12w, https:\/\/istosfilm.com\/wp-content\/uploads\/2025\/11\/elif-550x550.jpg 550w, https:\/\/istosfilm.com\/wp-content\/uploads\/2025\/11\/elif-650x650.jpg 650w, https:\/\/istosfilm.com\/wp-content\/uploads\/2025\/11\/elif-600x600.jpg 600w, https:\/\/istosfilm.com\/wp-content\/uploads\/2025\/11\/elif-100x100.jpg 100w\" data-sizes=\"(max-width: 666px) 100vw, 666px\" src=\"data:image\/svg+xml;base64,PHN2ZyB3aWR0aD0iMSIgaGVpZ2h0PSIxIiB4bWxucz0iaHR0cDovL3d3dy53My5vcmcvMjAwMC9zdmciPjwvc3ZnPg==\" style=\"--smush-placeholder-width: 666px; --smush-placeholder-aspect-ratio: 666\/666;\" \/>\t\t\t\t<div class=\"edgtf-team-social-wrapper\">\n\t\t\t\t\t<div class=\"edgtf-team-social-outer\">\n\t\t\t\t\t\t<div class=\"edgtf-team-social-inner\">\n\t\t\t\t\t\t\t\t\t\t\t\t\t\t\t<p class=\"edgtf-team-text\" >elif@istosfilm.com<\/p>\n\t\t\t\t\t\t\t\t\t\t\t\t\t\t\t\t\t\t\t\t<\/div>\n\t\t\t\t\t<\/div>\n\t\t\t\t<\/div>\n\t\t\t<\/div>\n\t\t\t\t<div class=\"edgtf-team-info\">\n\t\t\t\t\t\t\t<h5 class=\"edgtf-team-name\" style=\"color: #ffffff\">EL\u0130F AYGIN<\/h5>\n\t\t\t\t\t\t\t\t\t\t<p class=\"edgtf-team-position\" style=\"color: #ffffff\">istos stage coordinator, production coordination<\/p>\n\t\t\t\t\t<\/div>\n\t<\/div>\n<\/div><\/div><\/div><\/div><\/div><div class=\"vc_row wpb_row vc_inner vc_row-fluid vc_column-gap-20\" ><div class=\"wpb_column vc_column_container vc_col-sm-4\"><div class=\"vc_column-inner\"><div class=\"wpb_wrapper\"><div class=\"edgtf-team-holder edgtf-team-info-below-image\">\n\t<div class=\"edgtf-team-inner\">\n\t\t\t\t\t<div class=\"edgtf-team-image\">\n                <img decoding=\"async\" width=\"666\" height=\"666\" data-src=\"https:\/\/istosfilm.com\/wp-content\/uploads\/2025\/11\/enver.jpg\" class=\"attachment-full size-full lazyload\" alt=\"\" data-srcset=\"https:\/\/istosfilm.com\/wp-content\/uploads\/2025\/11\/enver.jpg 666w, https:\/\/istosfilm.com\/wp-content\/uploads\/2025\/11\/enver-300x300.jpg 300w, https:\/\/istosfilm.com\/wp-content\/uploads\/2025\/11\/enver-150x150.jpg 150w, https:\/\/istosfilm.com\/wp-content\/uploads\/2025\/11\/enver-12x12.jpg 12w, https:\/\/istosfilm.com\/wp-content\/uploads\/2025\/11\/enver-550x550.jpg 550w, https:\/\/istosfilm.com\/wp-content\/uploads\/2025\/11\/enver-650x650.jpg 650w, https:\/\/istosfilm.com\/wp-content\/uploads\/2025\/11\/enver-600x600.jpg 600w, https:\/\/istosfilm.com\/wp-content\/uploads\/2025\/11\/enver-100x100.jpg 100w\" data-sizes=\"(max-width: 666px) 100vw, 666px\" src=\"data:image\/svg+xml;base64,PHN2ZyB3aWR0aD0iMSIgaGVpZ2h0PSIxIiB4bWxucz0iaHR0cDovL3d3dy53My5vcmcvMjAwMC9zdmciPjwvc3ZnPg==\" style=\"--smush-placeholder-width: 666px; --smush-placeholder-aspect-ratio: 666\/666;\" \/>\t\t\t\t<div class=\"edgtf-team-social-wrapper\">\n\t\t\t\t\t<div class=\"edgtf-team-social-outer\">\n\t\t\t\t\t\t<div class=\"edgtf-team-social-inner\">\n\t\t\t\t\t\t\t\t\t\t\t\t\t\t\t<p class=\"edgtf-team-text\" >sedat@istosfilm.com<\/p>\n\t\t\t\t\t\t\t\t\t\t\t\t\t\t\t\t\t\t\t\t<\/div>\n\t\t\t\t\t<\/div>\n\t\t\t\t<\/div>\n\t\t\t<\/div>\n\t\t\t\t<div class=\"edgtf-team-info\">\n\t\t\t\t\t\t\t<h5 class=\"edgtf-team-name\" style=\"color: #ffffff\">ENVER SEDAT KURUBA\u015e<\/h5>\n\t\t\t\t\t\t\t\t\t\t<p class=\"edgtf-team-position\" style=\"color: #ffffff\">digital media<\/p>\n\t\t\t\t\t<\/div>\n\t<\/div>\n<\/div><\/div><\/div><\/div><div class=\"wpb_column vc_column_container vc_col-sm-4\"><div class=\"vc_column-inner\"><div class=\"wpb_wrapper\"><div class=\"edgtf-team-holder edgtf-team-info-below-image\">\n\t<div class=\"edgtf-team-inner\">\n\t\t\t\t\t<div class=\"edgtf-team-image\">\n                <img decoding=\"async\" width=\"666\" height=\"666\" data-src=\"https:\/\/istosfilm.com\/wp-content\/uploads\/2025\/11\/fikret.jpg\" class=\"attachment-full size-full lazyload\" alt=\"\" data-srcset=\"https:\/\/istosfilm.com\/wp-content\/uploads\/2025\/11\/fikret.jpg 666w, https:\/\/istosfilm.com\/wp-content\/uploads\/2025\/11\/fikret-300x300.jpg 300w, https:\/\/istosfilm.com\/wp-content\/uploads\/2025\/11\/fikret-150x150.jpg 150w, https:\/\/istosfilm.com\/wp-content\/uploads\/2025\/11\/fikret-12x12.jpg 12w, https:\/\/istosfilm.com\/wp-content\/uploads\/2025\/11\/fikret-550x550.jpg 550w, https:\/\/istosfilm.com\/wp-content\/uploads\/2025\/11\/fikret-650x650.jpg 650w, https:\/\/istosfilm.com\/wp-content\/uploads\/2025\/11\/fikret-600x600.jpg 600w, https:\/\/istosfilm.com\/wp-content\/uploads\/2025\/11\/fikret-100x100.jpg 100w\" data-sizes=\"(max-width: 666px) 100vw, 666px\" src=\"data:image\/svg+xml;base64,PHN2ZyB3aWR0aD0iMSIgaGVpZ2h0PSIxIiB4bWxucz0iaHR0cDovL3d3dy53My5vcmcvMjAwMC9zdmciPjwvc3ZnPg==\" style=\"--smush-placeholder-width: 666px; --smush-placeholder-aspect-ratio: 666\/666;\" \/>\t\t\t\t<div class=\"edgtf-team-social-wrapper\">\n\t\t\t\t\t<div class=\"edgtf-team-social-outer\">\n\t\t\t\t\t\t<div class=\"edgtf-team-social-inner\">\n\t\t\t\t\t\t\t\t\t\t\t\t\t\t\t<p class=\"edgtf-team-text\" >fikretbasarkaya@istosfilm.com<\/p>\n\t\t\t\t\t\t\t\t\t\t\t\t\t\t\t\t\t\t\t\t<\/div>\n\t\t\t\t\t<\/div>\n\t\t\t\t<\/div>\n\t\t\t<\/div>\n\t\t\t\t<div class=\"edgtf-team-info\">\n\t\t\t\t\t\t\t<h5 class=\"edgtf-team-name\" style=\"color: #ffffff\">F\u0130KRET BA\u015eER KAYA<\/h5>\n\t\t\t\t\t\t\t\t\t\t<p class=\"edgtf-team-position\" style=\"color: #ffffff\">festivals and PA<\/p>\n\t\t\t\t\t<\/div>\n\t<\/div>\n<\/div><\/div><\/div><\/div><div class=\"wpb_column vc_column_container vc_col-sm-4\"><div class=\"vc_column-inner\"><div class=\"wpb_wrapper\"><div class=\"edgtf-team-holder edgtf-team-info-below-image\">\n\t<div class=\"edgtf-team-inner\">\n\t\t\t\t<div class=\"edgtf-team-info\">\n\t\t\t\t\t\t\t<h5 class=\"edgtf-team-name\" style=\"color: #ffffff\">UMUT D\u0130NDAR<\/h5>\n\t\t\t\t\t\t\t\t\t\t<p class=\"edgtf-team-position\" style=\"color: #ffffff\">PA<\/p>\n\t\t\t\t\t<\/div>\n\t<\/div>\n<\/div><\/div><\/div><\/div><\/div>\t\t<\/div>\n\t<\/div>\n<\/div><\/div><\/div><\/div><\/div><\/div>\n<\/section>","protected":false},"excerpt":{"rendered":"istos\u00a0film\u00a0is a joint venture of the trilingual (Turkish, Greek, English) istos\u00a0publishing\u00a0that was founded in 2012 in Istanbul, [...]","protected":false},"author":1,"featured_media":0,"parent":0,"menu_order":1,"comment_status":"closed","ping_status":"closed","template":"full-width.php","meta":{"footnotes":""},"class_list":["post-4180","page","type-page","status-publish","hentry"],"_links":{"self":[{"href":"https:\/\/istosfilm.com\/tr\/wp-json\/wp\/v2\/pages\/4180","targetHints":{"allow":["GET"]}}],"collection":[{"href":"https:\/\/istosfilm.com\/tr\/wp-json\/wp\/v2\/pages"}],"about":[{"href":"https:\/\/istosfilm.com\/tr\/wp-json\/wp\/v2\/types\/page"}],"author":[{"embeddable":true,"href":"https:\/\/istosfilm.com\/tr\/wp-json\/wp\/v2\/users\/1"}],"replies":[{"embeddable":true,"href":"https:\/\/istosfilm.com\/tr\/wp-json\/wp\/v2\/comments?post=4180"}],"version-history":[{"count":31,"href":"https:\/\/istosfilm.com\/tr\/wp-json\/wp\/v2\/pages\/4180\/revisions"}],"predecessor-version":[{"id":5109,"href":"https:\/\/istosfilm.com\/tr\/wp-json\/wp\/v2\/pages\/4180\/revisions\/5109"}],"wp:attachment":[{"href":"https:\/\/istosfilm.com\/tr\/wp-json\/wp\/v2\/media?parent=4180"}],"curies":[{"name":"wp","href":"https:\/\/api.w.org\/{rel}","templated":true}]}}