{"id":4661,"date":"2024-01-07T17:57:23","date_gmt":"2024-01-07T17:57:23","guid":{"rendered":"https:\/\/istosfilm.com\/?page_id=4661"},"modified":"2025-11-04T17:02:54","modified_gmt":"2025-11-04T17:02:54","slug":"in-post-production","status":"publish","type":"page","link":"https:\/\/istosfilm.com\/tr\/in-post-production\/","title":{"rendered":"Post-Prod\u00fcksiyon A\u015famas\u0131ndaki Filmler"},"content":{"rendered":"<section class=\"wpb-content-wrapper\"><div class=\"vc_row wpb_row vc_row-fluid vc_custom_1527756710745\" ><div class=\"wpb_column vc_column_container vc_col-sm-12\"><div class=\"vc_column-inner\"><div class=\"wpb_wrapper\"><div class=\"edgtf-elements-holder   edgtf-one-column  edgtf-responsive-mode-768\" ><div class=\"edgtf-eh-item    edgtf-fade-in-down\"  data-item-class=\"edgtf-eh-custom-4355\" data-animation=\"edgtf-fade-in-down\" data-1024-1366=\"0px 40px 20px 40px\" data-768-1024=\"0px 40px 20px 40px\" data-680-768=\"0px 40px 20px 40px\" data-680=\"0px 40px 41px 40px\">\n\t<div class=\"edgtf-eh-item-inner\">\n\t\t<div class=\"edgtf-eh-item-content edgtf-eh-custom-4355\" style=\"padding: 0\">\n\t\t\t<div class=\"edgtf-section-title-holder title-istos edgtf-st-standard edgtf-st-title-left edgtf-st-ratio-1-2 edgtf-st-large-space\" style=\"text-align: center\">\n\t<div class=\"edgtf-st-inner\">\n\t\t\t\t\t<h3 class=\"edgtf-st-title\" >\n\t\t\t\tPost-Prod\u00fcksiyon A\u015famas\u0131ndaki Filmler\t\t\t<\/h3>\n\t\t\t\t\t<\/div>\n<\/div><div class=\"vc_empty_space\"   style=\"height: 32px\"><span class=\"vc_empty_space_inner\"><\/span><\/div><div class=\"edgtf-portfolio-list-holder edgtf-pl-gallery  edgtf-normal-space edgtf-pl-three-columns edgtf-pl-gallery-text-sliding    edgtf-pl-pag-no-pagination  edgtf-pl-has-animation\"  data-type=\"gallery\" data-number-of-columns=\"3\" data-space-between-items=\"normal\" data-number-of-items=\"-1\" data-image-proportions=\"full\" data-enable-fixed-proportions=\"no\" data-enable-image-shadow=\"no\" data-category=\"in-post-production\" data-orderby=\"date\" data-order=\"DESC\" data-item-style=\"gallery-text-sliding\" data-enable-title=\"yes\" data-title-tag=\"h4\" data-enable-category=\"yes\" data-enable-count-images=\"yes\" data-enable-excerpt=\"yes\" data-excerpt-length=\"140\" data-pagination-type=\"no-pagination\" data-filter=\"no\" data-filter-order-by=\"name\" data-enable-article-animation=\"yes\" data-portfolio-slider-on=\"no\" data-enable-loop=\"yes\" data-enable-autoplay=\"yes\" data-slider-speed=\"5000\" data-slider-speed-animation=\"600\" data-enable-navigation=\"yes\" data-enable-pagination=\"yes\" data-max-num-pages=\"0\" data-next-page=\"2\">\n\t\t<div class=\"edgtf-pl-inner edgtf-outer-space  clearfix\">\n\t\t<article class=\"edgtf-pl-item edgtf-item-space  post-4659 portfolio-item type-portfolio-item status-publish has-post-thumbnail hentry portfolio-category-films portfolio-category-in-post-production\">\n\t<div class=\"edgtf-pl-item-inner\">\n\t\t<div class=\"edgtf-pli-image\">\n\t<img fetchpriority=\"high\" decoding=\"async\" width=\"1551\" height=\"873\" src=\"https:\/\/istosfilm.com\/wp-content\/uploads\/2024\/01\/171201674_4006714802708865_1707055051542613357_n.jpg\" class=\"attachment-full size-full wp-post-image\" alt=\"\" srcset=\"https:\/\/istosfilm.com\/wp-content\/uploads\/2024\/01\/171201674_4006714802708865_1707055051542613357_n.jpg 1551w, https:\/\/istosfilm.com\/wp-content\/uploads\/2024\/01\/171201674_4006714802708865_1707055051542613357_n-300x169.jpg 300w, https:\/\/istosfilm.com\/wp-content\/uploads\/2024\/01\/171201674_4006714802708865_1707055051542613357_n-1024x576.jpg 1024w, https:\/\/istosfilm.com\/wp-content\/uploads\/2024\/01\/171201674_4006714802708865_1707055051542613357_n-768x432.jpg 768w, https:\/\/istosfilm.com\/wp-content\/uploads\/2024\/01\/171201674_4006714802708865_1707055051542613357_n-1536x865.jpg 1536w, https:\/\/istosfilm.com\/wp-content\/uploads\/2024\/01\/171201674_4006714802708865_1707055051542613357_n-18x10.jpg 18w, https:\/\/istosfilm.com\/wp-content\/uploads\/2024\/01\/171201674_4006714802708865_1707055051542613357_n-600x338.jpg 600w\" sizes=\"(max-width: 1551px) 100vw, 1551px\" \/><\/div>\n<div class=\"edgtf-pli-text-holder\">\n\t<div class=\"edgtf-pli-text\">\n\t\t\t<h4 itemprop=\"name\" class=\"edgtf-pli-title entry-title\" >\n\t\t\u015eerife Tav\u015fan\t<\/h4>\n\t\t\t<p itemprop=\"description\" class=\"edgtf-pli-excerpt\">Post-Prod\u00fcksiyon A\u015famas\u0131nda<\/p>\n\t<\/div>\n<\/div>\n\t\t<a itemprop=\"url\" class=\"edgtf-pli-link edgtf-block-drag-link\" href=\"https:\/\/istosfilm.com\/tr\/films\/crystal-of-happiness\/\" target=\"_self\"><\/a>\n\t<\/div>\n<\/article>\t<\/div>\n\t\n\t<\/div>\t\t<\/div>\n\t<\/div>\n<\/div><\/div><\/div><\/div><\/div><\/div>\n<\/section>","protected":false},"excerpt":{"rendered":"In Post-Production \u015eerife Tav\u015fan","protected":false},"author":1,"featured_media":0,"parent":0,"menu_order":41,"comment_status":"closed","ping_status":"closed","template":"full-width.php","meta":{"footnotes":""},"class_list":["post-4661","page","type-page","status-publish","hentry"],"_links":{"self":[{"href":"https:\/\/istosfilm.com\/tr\/wp-json\/wp\/v2\/pages\/4661","targetHints":{"allow":["GET"]}}],"collection":[{"href":"https:\/\/istosfilm.com\/tr\/wp-json\/wp\/v2\/pages"}],"about":[{"href":"https:\/\/istosfilm.com\/tr\/wp-json\/wp\/v2\/types\/page"}],"author":[{"embeddable":true,"href":"https:\/\/istosfilm.com\/tr\/wp-json\/wp\/v2\/users\/1"}],"replies":[{"embeddable":true,"href":"https:\/\/istosfilm.com\/tr\/wp-json\/wp\/v2\/comments?post=4661"}],"version-history":[{"count":1,"href":"https:\/\/istosfilm.com\/tr\/wp-json\/wp\/v2\/pages\/4661\/revisions"}],"predecessor-version":[{"id":5030,"href":"https:\/\/istosfilm.com\/tr\/wp-json\/wp\/v2\/pages\/4661\/revisions\/5030"}],"wp:attachment":[{"href":"https:\/\/istosfilm.com\/tr\/wp-json\/wp\/v2\/media?parent=4661"}],"curies":[{"name":"wp","href":"https:\/\/api.w.org\/{rel}","templated":true}]}}